{"id":1305,"date":"2021-01-12T19:57:33","date_gmt":"2021-01-12T19:57:33","guid":{"rendered":"https:\/\/www.hospitalmolina.cl\/?page_id=1305"},"modified":"2021-01-12T19:57:35","modified_gmt":"2021-01-12T19:57:35","slug":"politicas-de-privacidad","status":"publish","type":"page","link":"https:\/\/hospitalmolina.cl\/?page_id=1305","title":{"rendered":"Pol\u00edticas de Privacidad"},"content":{"rendered":"\n<p>Conforme a lo dispuesto en el art\u00edculo 19 N\u00ba 4 de la Constituci\u00f3n Pol\u00edtica de la Rep\u00fablica y a las normas pertinentes de la Ley N\u00ba 19.628 sobre protecci\u00f3n de la vida privada y sus modificaciones posteriores, el tratamiento de datos personales que se realiza en\u00a0<a href=\"https:\/\/www.minsal.cl\/\">www.minsal.cl<\/a>\u00a0del Ministerio de Salud (en adelante MINSAL), se rige por las\u00a0siguientes reglas: <\/p>\n\n\n\n<p><br>\u2022\u00a0MINSAL\u00a0asegura la confidencialidad de los datos\u00a0personales de los usuarios que se registren como tales en el sitio eb\u00a0www.minsal.cl\u00a0mediante el o los formulario(s) establecido(s) para esos\u00a0efectos. Sin perjuicio de sus facultades legales,\u00a0MINSAL\u00a0s\u00f3lo efectuar\u00e1 tratamiento de datos personales respecto de aqu\u00e9llos que han sido\u00a0entregados voluntariamente por los Usuarios en el referido formulario.<br>\u2022 Los datos personales de los Usuarios ser\u00e1n utilizados para el cumplimiento de los fines\u00a0indicados en el formulario correspondiente y siempre dentro de la competencia y\u00a0atribuciones de MINSAL.<br>\u2022 Los datos personales de los Usuarios ser\u00e1n objeto de los siguientes tratamientos:<br><em><strong>[identificar cada una de las operaciones que impliquen tratamiento en<\/strong><\/em><br><em><strong>t\u00e9rminos de la Ley 19.628],<\/strong><\/em>\u00a0conforme a lo declarado ante el Registro de Bases de Datos que mantiene el Servicio de Registro Civil e Identificaci\u00f3n, el cual puede ser consultado en\u00a0<em><strong>[incluir el enlace profundo al registro respectivo]<\/strong><\/em>. <\/p>\n\n\n\n<p>\u2022 MINSAL\u00a0podr\u00e1 comunicar a otros organismos del Estado,\u00a0los datos personales de sus usuarios, conforme lo establecido al efecto en la Ley 19.628.<br>\u2022 MINSAL, en caso de ser requerido judicialmente al efecto,\u00a0proceder\u00e1 a comunicar los datos personales de los usuarios que le sean solicitados.<br>\u2022 MINSAL\u00a0podr\u00e1 comunicar a terceros informaci\u00f3n estad\u00edstica\u00a0elaborada a partir de los datos personales de sus usuarios, sin el consentimiento expreso\u00a0del titular, cuando de dichos datos no sea posible identificar individualmente a los\u00a0titulares, de conformidad a la Ley.<br>\u2022 El Usuario podr\u00e1 en todo momento ejercer los derechos otorgados por la Ley N\u00ba 19.628 y\u00a0sus modificaciones posteriores. En espec\u00edfico, podr\u00e1:<br><strong>a.<\/strong>\u00a0Solicitar informaci\u00f3n respecto de los bancos de datos de que sea responsable el\u00a0organismos, el fundamento jur\u00eddico de su existencia, su finalidad, tipos de datos\u00a0almacenados y descripci\u00f3n del universo de personas que comprende;<br><strong>b.<\/strong>\u00a0Solicitar informaci\u00f3n sobre los datos relativos a su persona, su procedencia y\u00a0destinatario, el prop\u00f3sito del almacenamiento y la individualizaci\u00f3n de las personas u\u00a0organismos a los cuales sus datos son transmitidos regularmente;<\/p>\n\n\n\n<p><strong>c.<\/strong>&nbsp;Solicitar se modifiquen sus datos personales cuando ellos no sean correctos o no&nbsp;est\u00e9n actualizados, si fuere procedente;<br><strong>d.<\/strong>&nbsp;Solicitar la eliminaci\u00f3n o cancelaci\u00f3n de los datos entregados cuando as\u00ed lo desee, en&nbsp;tanto fuere procedente;<br><strong>e.<\/strong>&nbsp;Solicitar, de conformidad con lo dispuesto en la Ley 19.628, copia del registro alterado&nbsp;en la parte pertinente, si fuere del caso; y,<br><strong>f.<\/strong>&nbsp;Oponerse a que sus datos personales sean utilizados para fines estad\u00edsticos<br>\u2022 Para ejercer sus derechos el Usuario podr\u00e1 dirigirse a<em><\/em><a href=\"https:\/\/oirs.minsal.cl\/\">oirs.minsal.cl<\/a>&nbsp;indicando claramente su solicitud.<br>\u2022 En caso de no recibir respuesta a su comunicaci\u00f3n anterior dentro de un plazo de&nbsp;15 d\u00edas&nbsp;podr\u00e1 iniciar las acciones legales correspondientes, las cuales&nbsp;deber\u00e1n ser interpuestas contra el responsable del tratamiento que se se\u00f1ala a<br>continuaci\u00f3n:<br>a. Nombre Responsable<br>b. Cargo<br>c. Domicilio y direcci\u00f3n postal<br>d. Correo electr\u00f3nico<br>e. Fono \u2013 Fax<br>\u2022 Respecto de la recolecci\u00f3n y tratamiento de datos realizado mediante mecanismos&nbsp;automatizados con el objeto de generar registros de actividad de los visitantes y registros&nbsp;de audiencia, MINSAL&nbsp;s\u00f3lo podr\u00e1 utilizar dicha informaci\u00f3n&nbsp;para la elaboraci\u00f3n de informes que cumplan con los objetivos se\u00f1alados. En ning\u00fan caso<br>podr\u00e1 realizar operaciones que impliquen asociar dicha informaci\u00f3n a alg\u00fan usuario&nbsp;identificado o identificable.<br>\u2022 Para efectos de la presente \u201cPol\u00edtica de Privacidad\u201d, se entiende por Usuario a la persona<br>que voluntariamente se registre en www.minsal.cl&nbsp;en los&nbsp;formularios especialmente establecidos al efecto. En tanto, Visitante es aquella persona&nbsp;que accede libremente a la informaci\u00f3n disponible en www.minsal.cl&nbsp;sin necesidad de registrarse previamente.<\/p>\n","protected":false},"excerpt":{"rendered":"<p>Conforme a lo dispuesto en el art\u00edculo 19 N\u00ba 4 de la Constituci\u00f3n Pol\u00edtica de la Rep\u00fablica y a las<\/p>\n","protected":false},"author":1,"featured_media":0,"parent":0,"menu_order":0,"comment_status":"closed","ping_status":"closed","template":"","meta":{"colormag_page_container_layout":"no_sidebar_content_centered","colormag_page_sidebar_layout":"no_sidebar","ngg_post_thumbnail":0,"footnotes":""},"class_list":["post-1305","page","type-page","status-publish","hentry"],"_links":{"self":[{"href":"https:\/\/hospitalmolina.cl\/index.php?rest_route=\/wp\/v2\/pages\/1305","targetHints":{"allow":["GET"]}}],"collection":[{"href":"https:\/\/hospitalmolina.cl\/index.php?rest_route=\/wp\/v2\/pages"}],"about":[{"href":"https:\/\/hospitalmolina.cl\/index.php?rest_route=\/wp\/v2\/types\/page"}],"author":[{"embeddable":true,"href":"https:\/\/hospitalmolina.cl\/index.php?rest_route=\/wp\/v2\/users\/1"}],"replies":[{"embeddable":true,"href":"https:\/\/hospitalmolina.cl\/index.php?rest_route=%2Fwp%2Fv2%2Fcomments&post=1305"}],"version-history":[{"count":2,"href":"https:\/\/hospitalmolina.cl\/index.php?rest_route=\/wp\/v2\/pages\/1305\/revisions"}],"predecessor-version":[{"id":1311,"href":"https:\/\/hospitalmolina.cl\/index.php?rest_route=\/wp\/v2\/pages\/1305\/revisions\/1311"}],"wp:attachment":[{"href":"https:\/\/hospitalmolina.cl\/index.php?rest_route=%2Fwp%2Fv2%2Fmedia&parent=1305"}],"curies":[{"name":"wp","href":"https:\/\/api.w.org\/{rel}","templated":true}]}}