{"id":182,"date":"2016-12-06T14:28:43","date_gmt":"2016-12-06T14:28:43","guid":{"rendered":"http:\/\/www.giat.cl\/hospital\/?page_id=182"},"modified":"2021-01-20T16:29:12","modified_gmt":"2021-01-20T16:29:12","slug":"urgencias","status":"publish","type":"page","link":"https:\/\/hospitalmolina.cl\/?page_id=182","title":{"rendered":"Servicio de Urgencias"},"content":{"rendered":"<table style=\"height: 56px;\" border=\"1\" width=\"1056\" cellspacing=\"1\" cellpadding=\"1\" bgcolor=\"#289dcc\">\n<tbody>\n<tr>\n<td style=\"text-align: left;\">Nombre del Servicio<\/td>\n<td>Unidad de Emergencia<\/td>\n<\/tr>\n<tr>\n<td>Jefe Servicio<\/td>\n<td>Dr. Cristian Castillo<\/td>\n<\/tr>\n<tr>\n<td>Enfermera Jefe Servicio<\/td>\n<td>E.U. \u00c1ngela Mendoza P.<\/td>\n<\/tr>\n<tr>\n<td>Tel\u00e9fonos de Contacto<\/td>\n<td>Red Fija: 75 2 565218<br \/>\nRed MINSAL: 755218 &#8211; 755219<\/td>\n<\/tr>\n<tr>\n<td>Ubicaci\u00f3n<\/td>\n<td>Av. Luis Cruz Mart\u00ednez 2780, Molina<\/td>\n<\/tr>\n<tr>\n<td>Horario de Atenci\u00f3n<\/td>\n<td>24 Horas Continuado, todos los d\u00edas del a\u00f1o<\/td>\n<\/tr>\n<\/tbody>\n<\/table>\n<p style=\"text-align: justify;\"><strong>UNIDAD DE EMERGENCIA<\/strong>&nbsp;<\/p>\n<p style=\"text-align: justify;\">Tiene como&nbsp; objetivo prestar una&nbsp; atenci\u00f3n, en forma oportuna y&nbsp; permanente,&nbsp; a todo usuario que consulte por alguna lesi\u00f3n o enfermedad que necesite atenci\u00f3n de forma inmediata, y esencialmente a aquellos que se encuentren con riesgo vital.<\/p>\n<p style=\"text-align: justify;\">Est\u00e1 constituida por una unidad asistencial administrativa perfectamente integrada y coordinada con los servicios cl\u00ednicos y unidades de apoyo, de modo de obtener la utilizaci\u00f3n eficaz de todos los recursos del establecimiento.<\/p>\n<p style=\"text-align: justify;\">Nuestro equipo cuenta con&nbsp; distintos profesionales: m\u00e9dicos, enfermeras y t\u00e9cnicos param\u00e9dicos los cuales trabajan en turnos rotativos prestando una atenci\u00f3n las 24 horas y los 365 d\u00edas del a\u00f1o.<\/p>\n<p style=\"text-align: justify;\"><strong>PROCESO DE ATENCI\u00d3N Y CATEGORIZACI\u00d3N<\/strong><\/p>\n<p style=\"text-align: justify;\">La primera atenci\u00f3n del paciente es brindada&nbsp; por personal capacitado, en donde se controlan signos vitales y se eval\u00faa motivo de consulta,&nbsp; clasific\u00e1ndolo seg\u00fan gravedad del paciente&nbsp; en una escala de C1 a C5, respectivamente.<\/p>\n<p style=\"text-align: justify;\">C1:&nbsp;&nbsp; Atenci\u00f3n inmediata, paciente necesita atenci\u00f3n y manejo simult\u00e1neo, sin tiempo de espera, ingresa directamente a box de reanimaci\u00f3n.<\/p>\n<p style=\"text-align: justify;\">C2: Emergencia evidente, la atenci\u00f3n debe ser antes de 30 minutos<\/p>\n<p style=\"text-align: justify;\">C3: Urgencia: atenci\u00f3n antes de 90 minutos o reevaluar signos vitales tras cumplirse tiempo de espera.<\/p>\n<p style=\"text-align: justify;\">C4: Urgencia mediata atenci\u00f3n antes de 180 minutos o reevaluar signos vitales tras cumplirse tiempo de espera.<\/p>\n<p style=\"text-align: justify;\">C5: Atenci\u00f3n general antes de 240 minutos o reevaluar signos vitales tras cumplirse tiempo de espera.<\/p>\n<p style=\"text-align: justify;\">Luego de ser atendido por m\u00e9dico de turno y seg\u00fan sus indicaciones, &nbsp;se brinda la atenci\u00f3n al usuario que puede ser: explicar indicaciones, administrar medicamentos, realizaci\u00f3n de ex\u00e1menes de laboratorio y\/o radiograf\u00edas.<\/p>\n<p style=\"text-align: justify;\">Contamos con sala de observaci\u00f3n, en donde los pacientes pueden&nbsp; esperar para&nbsp; reevaluaci\u00f3n y resultados de ex\u00e1menes, si as\u00ed lo amerita.<\/p>\n<p style=\"text-align: justify;\">Si el paciente requiere hospitalizaci\u00f3n, las indicaciones ser\u00e1n otorgadas por el m\u00e9dico de turno, luego, &nbsp;se coordina con equipo de enfermer\u00eda para trasladar&nbsp; a paciente cuando sala y cama se encuentren en las condiciones necesarias para recibir al paciente.<\/p>\n<p style=\"text-align: justify;\">Si requiere traslado a un centro de mayor complejidad, se coordina con hospital receptor,&nbsp;el que puede ser Hospital Base de Curic\u00f3&nbsp; u &nbsp;Hospital Regional de Talca.<\/p>\n<p style=\"text-align: justify;\">Si el paciente no requiere hospitalizaci\u00f3n, se indica tratamiento, se da de alta o deriva a&nbsp; Centro de Salud Familiar (CESFAM) del sector al que pertenece.<\/p>\n<p style=\"text-align: justify;\">&nbsp;<strong>PRESTACIONES<\/strong><\/p>\n<table style=\"height: 56px;\" border=\"1\" width=\"1056\" cellspacing=\"1\" cellpadding=\"1\" bgcolor=\"#289dcc\">\n<tbody>\n<tr>\n<td style=\"text-align: left;\">Servicio de Rayos<\/td>\n<td>Lunes a jueves de 08:00 a 16:48, viernes hasta las 16 horas,<br \/>\nS\u00e1bado Domingo y Festivos de 08:00 a 14:00<\/td>\n<\/tr>\n<tr>\n<td>Servicio de Laboratorio Cl\u00ednico<\/td>\n<td>Lunes a jueves de 08:00 a 16:48, viernes hasta las 16 horas,<br \/>\nS\u00e1bado Domingo y Festivos de 08:00 a 14:00<\/td>\n<\/tr>\n<tr>\n<td>Electrocardiograma<\/td>\n<td>24 Horas.<\/td>\n<\/tr>\n<\/tbody>\n<\/table>\n<p style=\"text-align: justify;\"><strong>EQUIPO DE TRABAJO <\/strong><\/p>\n<p style=\"text-align: justify;\">1 M\u00e9dico de turno cada 12 horas, &nbsp;con apoyo de turno &nbsp;de 1 m\u00e9dico desde las 14:00 a 17:00 horas de Lunes a Jueves, y de 14:00 a 16:00 los d\u00edas viernes. Luego de este horario, en turno de fin de semanas y festivos, m\u00e9dico es responsable de todo el Hospital (Urgencias y Servicios Indiferenciados).<\/p>\n<p style=\"text-align: justify;\">1 Enfermera cada 12 horas, con funciones administrativas y asistenciales, en turno nocturno con funciones designadas para Servicios Indiferenciados.<\/p>\n<p style=\"text-align: justify;\">3 t\u00e9cnicos param\u00e9dicos cada 12 horas.<\/p>\n<p style=\"text-align: justify;\">1 Auxiliar de servicio cada 12 horas, cumpliendo labores administrativas en turno nocturno.<\/p>\n<p style=\"text-align: justify;\"><strong>1 Administrativo de Lunes a Viernes&nbsp; de 8 a 22 horas. Fin de semana y festivos de 10 a 20 horas.<\/strong><\/p>\n<p style=\"text-align: center;\"><style type=\"text\/css\">.easingslider-769 { max-width: 640px; }.easingslider-769 .easingslider-image { max-height: 400px; max-width: 640px; }.easingslider-769 .easingslider-fade-in, .easingslider-fade-out { -webkit-animation-duration: 400ms; -moz-animation-duration: 400ms; animation-duration: 400ms; }<\/style><script type=\"text\/javascript\">window.EasingSlider769 = {\"width\":640,\"height\":400,\"singleItem\":true,\"items\":1,\"itemsDesktop\":false,\"itemsDesktopSmall\":false,\"itemsTablet\":false,\"itemsTabletSmall\":false,\"itemsMobile\":false,\"responsive\":true,\"lazyLoad\":true,\"autoPlay\":4000,\"slideSpeed\":400,\"navigation\":true,\"navigationText\":[\"\",\"\"],\"pagination\":true,\"autoHeight\":false,\"mouseDrag\":false,\"touchDrag\":false,\"addClassActive\":true,\"transitionStyle\":\"fade\"};<\/script><div data-id=\"769\" class=\"easingslider easingslider-769 easingslider-container easingslider-resizing-enabled easingslider-aspect-ratio easingslider-arrows-inside easingslider-pagination-inside easingslider-pagination-bottom-center\"><div class=\"easingslider-slide\"><img decoding=\"async\" src=\"https:\/\/hospitalmolina.cl\/wp-content\/plugins\/easing-slider\/assets\/images\/placeholder-pixel.png\" data-src=\"https:\/\/hospitalmolina.cl\/wp-content\/uploads\/2018\/06\/IMG_4824-640x400.jpg\" alt=\"\" title=\"\" class=\"easingslider-image easingslider-lazy\" \/><\/div><div class=\"easingslider-slide\"><img decoding=\"async\" src=\"https:\/\/hospitalmolina.cl\/wp-content\/plugins\/easing-slider\/assets\/images\/placeholder-pixel.png\" data-src=\"https:\/\/hospitalmolina.cl\/wp-content\/uploads\/2018\/06\/IMG_20180606_145930-640x400.jpg\" alt=\"\" title=\"\" class=\"easingslider-image easingslider-lazy\" \/><\/div><div class=\"easingslider-slide\"><img decoding=\"async\" src=\"https:\/\/hospitalmolina.cl\/wp-content\/plugins\/easing-slider\/assets\/images\/placeholder-pixel.png\" data-src=\"https:\/\/hospitalmolina.cl\/wp-content\/uploads\/2018\/06\/IMG_20180606_140019-640x400.jpg\" alt=\"\" title=\"\" class=\"easingslider-image easingslider-lazy\" \/><\/div><div class=\"easingslider-slide\"><img decoding=\"async\" src=\"https:\/\/hospitalmolina.cl\/wp-content\/plugins\/easing-slider\/assets\/images\/placeholder-pixel.png\" data-src=\"https:\/\/hospitalmolina.cl\/wp-content\/uploads\/2018\/06\/IMG_20180604_142608-640x400.jpg\" alt=\"\" title=\"\" class=\"easingslider-image easingslider-lazy\" \/><\/div><\/div><\/p>\n","protected":false},"excerpt":{"rendered":"<p>Nombre del Servicio Unidad de Emergencia Jefe Servicio Dr. Cristian Castillo Enfermera Jefe Servicio E.U. \u00c1ngela Mendoza P. Tel\u00e9fonos de<\/p>\n","protected":false},"author":1,"featured_media":0,"parent":60,"menu_order":0,"comment_status":"closed","ping_status":"closed","template":"","meta":{"colormag_page_container_layout":"no_sidebar_content_centered","colormag_page_sidebar_layout":"no_sidebar","ngg_post_thumbnail":0,"footnotes":""},"class_list":["post-182","page","type-page","status-publish","hentry"],"_links":{"self":[{"href":"https:\/\/hospitalmolina.cl\/index.php?rest_route=\/wp\/v2\/pages\/182","targetHints":{"allow":["GET"]}}],"collection":[{"href":"https:\/\/hospitalmolina.cl\/index.php?rest_route=\/wp\/v2\/pages"}],"about":[{"href":"https:\/\/hospitalmolina.cl\/index.php?rest_route=\/wp\/v2\/types\/page"}],"author":[{"embeddable":true,"href":"https:\/\/hospitalmolina.cl\/index.php?rest_route=\/wp\/v2\/users\/1"}],"replies":[{"embeddable":true,"href":"https:\/\/hospitalmolina.cl\/index.php?rest_route=%2Fwp%2Fv2%2Fcomments&post=182"}],"version-history":[{"count":12,"href":"https:\/\/hospitalmolina.cl\/index.php?rest_route=\/wp\/v2\/pages\/182\/revisions"}],"predecessor-version":[{"id":1344,"href":"https:\/\/hospitalmolina.cl\/index.php?rest_route=\/wp\/v2\/pages\/182\/revisions\/1344"}],"up":[{"embeddable":true,"href":"https:\/\/hospitalmolina.cl\/index.php?rest_route=\/wp\/v2\/pages\/60"}],"wp:attachment":[{"href":"https:\/\/hospitalmolina.cl\/index.php?rest_route=%2Fwp%2Fv2%2Fmedia&parent=182"}],"curies":[{"name":"wp","href":"https:\/\/api.w.org\/{rel}","templated":true}]}}