{"id":184,"date":"2016-12-06T14:29:08","date_gmt":"2016-12-06T14:29:08","guid":{"rendered":"http:\/\/www.giat.cl\/hospital\/?page_id=184"},"modified":"2018-07-20T15:13:48","modified_gmt":"2018-07-20T15:13:48","slug":"medicina","status":"publish","type":"page","link":"https:\/\/hospitalmolina.cl\/?page_id=184","title":{"rendered":"Indiferenciado Adulto"},"content":{"rendered":"<table style=\"height: 56px;\" border=\"1\" width=\"1056\" cellspacing=\"1\" cellpadding=\"1\" bgcolor=\"#289dcc\">\n<tbody>\n<tr>\n<td style=\"text-align: left;\">Nombre del Servicio<\/td>\n<td>Indiferenciado Adulto, Sector A y B<\/td>\n<\/tr>\n<tr>\n<td>Jefe Servicio<\/td>\n<td>Dr. Oscar Castro<\/td>\n<\/tr>\n<tr>\n<td>Enfermera Jefe Servicio<\/td>\n<td>E.U. Loreto Garrido Mu\u00f1oz<\/td>\n<\/tr>\n<tr>\n<td>Telefonos de Contacto<\/td>\n<td>Red Fija: 75 2 565259<br \/>\nRed MINSAL: 755259<\/td>\n<\/tr>\n<tr>\n<td>Horario Visitas<\/td>\n<td>Lunes a domingo de 10:30 hrs a 16:30 hrs.&nbsp;<\/td>\n<\/tr>\n<\/tbody>\n<\/table>\n<h5 style=\"text-align: center;\"><b>Descripci\u00f3n General del funcionamiento del Servicio<\/b><\/h5>\n<p style=\"text-align: justify;\">El servicio de indiferenciado adulto se enfoca en la restauraci\u00f3n de salud de cada usuario, atendiendo patolog\u00edas m\u00e9dicas, post-quir\u00fargicas y ginecol\u00f3gicas. Con un enfoque de atenci\u00f3n integral basado en la restauraci\u00f3n de salud en forma hol\u00edstica e integral, considerando al usuario en todo \u00e1mbito, tanto, psicol\u00f3gico, social, familiar y comunitario para ser integrados a la recuperaci\u00f3n de la salud.<\/p>\n<p>Atendemos a pacientes con requerimientos de hospitalizaci\u00f3n en el \u00e1rea m\u00e9dica, quir\u00fargica y\/o Gineco-obst\u00e9trica. Desde los 15 a\u00f1os, tenemos 45 camas indiferenciadas para hombres y mujeres asistiendo a cada usuario en forma personal,&nbsp;contamos con un equipo de 9 m\u00e9dicos, 2 a 3 enfermeras, 21 T\u00e9cnicos param\u00e9dicos y 4 auxiliares de servicio para la atenci\u00f3n de cada paciente con un trato digno y humanizado.<\/p>\n<p style=\"text-align: justify;\">&nbsp;<\/p>\n","protected":false},"excerpt":{"rendered":"<p>Nombre del Servicio Indiferenciado Adulto, Sector A y B Jefe Servicio Dr. Oscar Castro Enfermera Jefe Servicio E.U. Loreto Garrido<\/p>\n","protected":false},"author":1,"featured_media":0,"parent":60,"menu_order":0,"comment_status":"closed","ping_status":"closed","template":"","meta":{"colormag_page_container_layout":"no_sidebar_content_centered","colormag_page_sidebar_layout":"no_sidebar","ngg_post_thumbnail":0,"footnotes":""},"class_list":["post-184","page","type-page","status-publish","hentry"],"_links":{"self":[{"href":"https:\/\/hospitalmolina.cl\/index.php?rest_route=\/wp\/v2\/pages\/184","targetHints":{"allow":["GET"]}}],"collection":[{"href":"https:\/\/hospitalmolina.cl\/index.php?rest_route=\/wp\/v2\/pages"}],"about":[{"href":"https:\/\/hospitalmolina.cl\/index.php?rest_route=\/wp\/v2\/types\/page"}],"author":[{"embeddable":true,"href":"https:\/\/hospitalmolina.cl\/index.php?rest_route=\/wp\/v2\/users\/1"}],"replies":[{"embeddable":true,"href":"https:\/\/hospitalmolina.cl\/index.php?rest_route=%2Fwp%2Fv2%2Fcomments&post=184"}],"version-history":[{"count":7,"href":"https:\/\/hospitalmolina.cl\/index.php?rest_route=\/wp\/v2\/pages\/184\/revisions"}],"predecessor-version":[{"id":818,"href":"https:\/\/hospitalmolina.cl\/index.php?rest_route=\/wp\/v2\/pages\/184\/revisions\/818"}],"up":[{"embeddable":true,"href":"https:\/\/hospitalmolina.cl\/index.php?rest_route=\/wp\/v2\/pages\/60"}],"wp:attachment":[{"href":"https:\/\/hospitalmolina.cl\/index.php?rest_route=%2Fwp%2Fv2%2Fmedia&parent=184"}],"curies":[{"name":"wp","href":"https:\/\/api.w.org\/{rel}","templated":true}]}}