{"id":186,"date":"2016-12-06T14:29:31","date_gmt":"2016-12-06T14:29:31","guid":{"rendered":"http:\/\/www.giat.cl\/hospital\/?page_id=186"},"modified":"2018-08-01T13:17:35","modified_gmt":"2018-08-01T13:17:35","slug":"maternidad","status":"publish","type":"page","link":"https:\/\/hospitalmolina.cl\/?page_id=186","title":{"rendered":"Salud Sexual y Reproductiva"},"content":{"rendered":"<table style=\"height: 56px;\" border=\"1\" width=\"1056\" cellspacing=\"1\" cellpadding=\"1\" bgcolor=\"#289dcc\">\n<tbody>\n<tr>\n<td style=\"text-align: left;\">Nombre del Servicio<\/td>\n<td>Salud Sexual y Reproductiva<\/td>\n<\/tr>\n<tr>\n<td>Jefe Servicio<\/td>\n<td>Dr.&nbsp;Geovanny Pe\u00f1a<\/td>\n<\/tr>\n<tr>\n<td>Matrona Jefe Servicio<\/td>\n<td>Ester Cruz Rebolledo<\/td>\n<\/tr>\n<tr>\n<td>Matronas Apoyo<\/td>\n<td>Luiza Molina<br \/>\nAndrea Molina<br \/>\nCarolina Gonz\u00e1lez<\/td>\n<\/tr>\n<tr>\n<td>Telefonos de Contacto<\/td>\n<td>Red Fija: 75 2 565261<br \/>\nRed MINSAL: 755261<\/td>\n<\/tr>\n<tr>\n<td>Horario de Atenci\u00f3n<\/td>\n<td>Lunes a Jueves 8:00 hrs. a 17:00 hrs.<br \/>\nViernes 8:00 hrs. a 16:00 hrs.<\/td>\n<\/tr>\n<\/tbody>\n<\/table>\n<h5 style=\"text-align: center;\"><b>Descripci\u00f3n General del funcionamiento del Servicio<\/b><\/h5>\n<p style=\"text-align: justify;\">El equipo del servicio de salud sexual y reproductiva vela por el cuidado y acompa\u00f1amiento de la mujer y sus familias a lo largo de todo su ciclo vital, a trav\u00e9s de acciones sanitarias de este \u00e1mbito. Es un servicio ambulatorio. Abordamos desde lo fisiol\u00f3gico hasta lo patol\u00f3gico. Realizamos acciones tales como: control prenatal, cl\u00ednicas de lactancia, consejer\u00edas VIH (hombres y mujeres), control de comercio sexual, control y manejo de infecciones de transmisi\u00f3n sexual, control ginecol\u00f3gico (PAP, examen f\u00edsico de mamas), regulaci\u00f3n de fecundidad (m\u00e9todos anticonceptivos, visitas domiciliarias a gestantes y pu\u00e9rperas a nuestro cargo, control del reci\u00e9n nacido antes de los 28 d\u00edas, consultas gineco obstetras, EMPA, charlas de educaci\u00f3n solicitadas por establecimientos educacionales. Nuestro medico encargado del programa de la mujer es quien realiza todas las ecograf\u00edas obst\u00e9tricas a nuestras gestantes, adem\u00e1s de morbilidad ginecol\u00f3gica.<\/p>\n<p style=\"text-align: justify;\">El equipo del servicio consta de: 4 matronas, un m\u00e9dico, una TENS.<\/p>\n<p style=\"text-align: center;\"><style type=\"text\/css\">.easingslider-869 { max-width: 640px; }.easingslider-869 .easingslider-image { max-height: 400px; max-width: 640px; }.easingslider-869 .easingslider-fade-in, .easingslider-fade-out { -webkit-animation-duration: 400ms; -moz-animation-duration: 400ms; animation-duration: 400ms; }<\/style><script type=\"text\/javascript\">window.EasingSlider869 = {\"width\":640,\"height\":400,\"singleItem\":true,\"items\":1,\"itemsDesktop\":false,\"itemsDesktopSmall\":false,\"itemsTablet\":false,\"itemsTabletSmall\":false,\"itemsMobile\":false,\"responsive\":true,\"lazyLoad\":true,\"autoPlay\":4000,\"slideSpeed\":400,\"navigation\":true,\"navigationText\":[\"\",\"\"],\"pagination\":true,\"autoHeight\":false,\"mouseDrag\":false,\"touchDrag\":false,\"addClassActive\":true,\"transitionStyle\":\"fade\"};<\/script><div data-id=\"869\" class=\"easingslider easingslider-869 easingslider-container easingslider-resizing-enabled easingslider-aspect-ratio easingslider-arrows-inside easingslider-pagination-inside easingslider-pagination-bottom-center\"><div class=\"easingslider-slide\"><img decoding=\"async\" src=\"https:\/\/hospitalmolina.cl\/wp-content\/plugins\/easing-slider\/assets\/images\/placeholder-pixel.png\" data-src=\"https:\/\/hospitalmolina.cl\/wp-content\/uploads\/2018\/08\/mater1-640x400.jpg\" alt=\"\" title=\"\" class=\"easingslider-image easingslider-lazy\" \/><\/div><div class=\"easingslider-slide\"><img decoding=\"async\" src=\"https:\/\/hospitalmolina.cl\/wp-content\/plugins\/easing-slider\/assets\/images\/placeholder-pixel.png\" data-src=\"https:\/\/hospitalmolina.cl\/wp-content\/uploads\/2018\/08\/mater2-640x400.jpg\" alt=\"\" title=\"\" class=\"easingslider-image easingslider-lazy\" \/><\/div><div class=\"easingslider-slide\"><img decoding=\"async\" src=\"https:\/\/hospitalmolina.cl\/wp-content\/plugins\/easing-slider\/assets\/images\/placeholder-pixel.png\" data-src=\"https:\/\/hospitalmolina.cl\/wp-content\/uploads\/2018\/08\/mater3-640x400.jpg\" alt=\"\" title=\"\" class=\"easingslider-image easingslider-lazy\" \/><\/div><\/div><\/p>\n","protected":false},"excerpt":{"rendered":"<p>Nombre del Servicio Salud Sexual y Reproductiva Jefe Servicio Dr.&nbsp;Geovanny Pe\u00f1a Matrona Jefe Servicio Ester Cruz Rebolledo Matronas Apoyo Luiza<\/p>\n","protected":false},"author":1,"featured_media":0,"parent":60,"menu_order":0,"comment_status":"closed","ping_status":"closed","template":"","meta":{"colormag_page_container_layout":"no_sidebar_content_centered","colormag_page_sidebar_layout":"no_sidebar","ngg_post_thumbnail":0,"footnotes":""},"class_list":["post-186","page","type-page","status-publish","hentry"],"_links":{"self":[{"href":"https:\/\/hospitalmolina.cl\/index.php?rest_route=\/wp\/v2\/pages\/186","targetHints":{"allow":["GET"]}}],"collection":[{"href":"https:\/\/hospitalmolina.cl\/index.php?rest_route=\/wp\/v2\/pages"}],"about":[{"href":"https:\/\/hospitalmolina.cl\/index.php?rest_route=\/wp\/v2\/types\/page"}],"author":[{"embeddable":true,"href":"https:\/\/hospitalmolina.cl\/index.php?rest_route=\/wp\/v2\/users\/1"}],"replies":[{"embeddable":true,"href":"https:\/\/hospitalmolina.cl\/index.php?rest_route=%2Fwp%2Fv2%2Fcomments&post=186"}],"version-history":[{"count":6,"href":"https:\/\/hospitalmolina.cl\/index.php?rest_route=\/wp\/v2\/pages\/186\/revisions"}],"predecessor-version":[{"id":871,"href":"https:\/\/hospitalmolina.cl\/index.php?rest_route=\/wp\/v2\/pages\/186\/revisions\/871"}],"up":[{"embeddable":true,"href":"https:\/\/hospitalmolina.cl\/index.php?rest_route=\/wp\/v2\/pages\/60"}],"wp:attachment":[{"href":"https:\/\/hospitalmolina.cl\/index.php?rest_route=%2Fwp%2Fv2%2Fmedia&parent=186"}],"curies":[{"name":"wp","href":"https:\/\/api.w.org\/{rel}","templated":true}]}}