{"id":188,"date":"2016-12-06T14:42:30","date_gmt":"2016-12-06T14:42:30","guid":{"rendered":"http:\/\/www.giat.cl\/hospital\/?page_id=188"},"modified":"2018-06-27T15:21:39","modified_gmt":"2018-06-27T15:21:39","slug":"pediatria","status":"publish","type":"page","link":"https:\/\/hospitalmolina.cl\/?page_id=188","title":{"rendered":"Indiferenciado Pedi\u00e1trico"},"content":{"rendered":"<h5><img loading=\"lazy\" decoding=\"async\" class=\"aligncenter size-full wp-image-682\" src=\"http:\/\/www.hospitalmolina.cl\/wp-content\/uploads\/2016\/12\/pediatria.jpg\" alt=\"pediatria\" width=\"668\" height=\"298\" srcset=\"https:\/\/hospitalmolina.cl\/wp-content\/uploads\/2016\/12\/pediatria.jpg 668w, https:\/\/hospitalmolina.cl\/wp-content\/uploads\/2016\/12\/pediatria-300x134.jpg 300w\" sizes=\"auto, (max-width: 668px) 100vw, 668px\" \/><\/h5>\n<table style=\"height: 56px;\" border=\"1\" width=\"1056\" cellspacing=\"1\" cellpadding=\"1\" bgcolor=\"#289dcc\">\n<tbody>\n<tr>\n<td style=\"text-align: left;\">Nombre del Servicio<\/td>\n<td>Indiferenciado Pedi\u00e1trico<\/td>\n<\/tr>\n<tr>\n<td>Jefe Servicio<\/td>\n<td>Dr. Pedro L\u00f3pez<\/td>\n<\/tr>\n<tr>\n<td>Enfermera Jefe Servicio<\/td>\n<td>E.U. Catalina Gonz\u00e1lez P.<\/td>\n<\/tr>\n<tr>\n<td>Telefonos de Contacto<\/td>\n<td>Red Fija: 75 2 565261<br \/>\nRed MINSAL: 755261<\/td>\n<\/tr>\n<\/tbody>\n<\/table>\n<h5 style=\"text-align: center;\"><b>Descripci\u00f3n General del funcionamiento del Servicio<\/b><\/h5>\n<p class=\"text-justify\" style=\"text-align: justify;\">El servicio de indiferenciado pedi\u00e1trico contribuye a la recuperaci\u00f3n de la salud y al desarrollo de ni\u00f1os(as) y adolescentes, a trav\u00e9s de un equipo profesional y t\u00e9cnico que proporciona atenci\u00f3n integral al ni\u00f1o y grupo familiar. Cuenta con 15 camas en donde recibimos desde reci\u00e9n nacidos hasta 14 a\u00f1os 11 meses y 29 d\u00edas.&nbsp;Contamos para la atenci\u00f3n de nuestros usuarios m\u00e1s peque\u00f1os de la comunidad 8 TENS en cuarto turno, 1 auxiliar de servicio, 2 m\u00e9dicos pediatras, una enfermera diurna y despu\u00e9s de las 17 horas a cargo del enfermero y medico de Turno.<\/p>\n<p style=\"text-align: justify;\">Para la comodidad de nuestros padres o tutores les informamos que tenemos acompa\u00f1amiento las 24 horas pero es de una persona por paciente, contamos con un comedor para los padres y ba\u00f1o para los mismos para la comodidad del acompa\u00f1ante.<\/p>\n<p style=\"text-align: justify;\">Atendemos en nuestro establecimiento a dos pacientes portadores de una enfermedad metab\u00f3lica (MPS) &nbsp;de nuestra comunidad que vienen todas las semanas, donde el personal se capacito para que sean atendidos y no acudir a otro centro.<\/p>\n<p style=\"text-align: center;\">&nbsp;<style type=\"text\/css\">.easingslider-688 { max-width: 640px; }.easingslider-688 .easingslider-image { max-height: 400px; max-width: 640px; }.easingslider-688 .easingslider-fade-in, .easingslider-fade-out { -webkit-animation-duration: 400ms; -moz-animation-duration: 400ms; animation-duration: 400ms; }<\/style><script type=\"text\/javascript\">window.EasingSlider688 = {\"width\":640,\"height\":400,\"singleItem\":true,\"items\":1,\"itemsDesktop\":false,\"itemsDesktopSmall\":false,\"itemsTablet\":false,\"itemsTabletSmall\":false,\"itemsMobile\":false,\"responsive\":true,\"lazyLoad\":true,\"autoPlay\":4000,\"slideSpeed\":400,\"navigation\":true,\"navigationText\":[\"\",\"\"],\"pagination\":true,\"autoHeight\":false,\"mouseDrag\":false,\"touchDrag\":false,\"addClassActive\":true,\"transitionStyle\":\"fade\"};<\/script><div data-id=\"688\" class=\"easingslider easingslider-688 easingslider-container easingslider-resizing-enabled easingslider-aspect-ratio easingslider-arrows-inside easingslider-pagination-inside easingslider-pagination-bottom-center\"><div class=\"easingslider-slide\"><img decoding=\"async\" src=\"https:\/\/hospitalmolina.cl\/wp-content\/plugins\/easing-slider\/assets\/images\/placeholder-pixel.png\" data-src=\"https:\/\/hospitalmolina.cl\/wp-content\/uploads\/2018\/06\/pediatria3-640x400.jpg\" alt=\"\" title=\"\" class=\"easingslider-image easingslider-lazy\" \/><\/div><div class=\"easingslider-slide\"><img decoding=\"async\" src=\"https:\/\/hospitalmolina.cl\/wp-content\/plugins\/easing-slider\/assets\/images\/placeholder-pixel.png\" data-src=\"https:\/\/hospitalmolina.cl\/wp-content\/uploads\/2018\/06\/pediatria4-640x400.jpg\" alt=\"\" title=\"\" class=\"easingslider-image easingslider-lazy\" \/><\/div><div class=\"easingslider-slide\"><img decoding=\"async\" src=\"https:\/\/hospitalmolina.cl\/wp-content\/plugins\/easing-slider\/assets\/images\/placeholder-pixel.png\" data-src=\"https:\/\/hospitalmolina.cl\/wp-content\/uploads\/2018\/06\/pediatria1-640x400.jpg\" alt=\"\" title=\"\" class=\"easingslider-image easingslider-lazy\" \/><\/div><div class=\"easingslider-slide\"><img decoding=\"async\" src=\"https:\/\/hospitalmolina.cl\/wp-content\/plugins\/easing-slider\/assets\/images\/placeholder-pixel.png\" data-src=\"https:\/\/hospitalmolina.cl\/wp-content\/uploads\/2018\/06\/pediatria2-640x400.jpg\" alt=\"\" title=\"\" class=\"easingslider-image easingslider-lazy\" \/><\/div><\/div><\/p>\n","protected":false},"excerpt":{"rendered":"<p>Nombre del Servicio Indiferenciado Pedi\u00e1trico Jefe Servicio Dr. Pedro L\u00f3pez Enfermera Jefe Servicio E.U. Catalina Gonz\u00e1lez P. Telefonos de Contacto<\/p>\n","protected":false},"author":1,"featured_media":0,"parent":60,"menu_order":0,"comment_status":"closed","ping_status":"closed","template":"","meta":{"colormag_page_container_layout":"no_sidebar_content_centered","colormag_page_sidebar_layout":"no_sidebar","ngg_post_thumbnail":0,"footnotes":""},"class_list":["post-188","page","type-page","status-publish","hentry"],"_links":{"self":[{"href":"https:\/\/hospitalmolina.cl\/index.php?rest_route=\/wp\/v2\/pages\/188","targetHints":{"allow":["GET"]}}],"collection":[{"href":"https:\/\/hospitalmolina.cl\/index.php?rest_route=\/wp\/v2\/pages"}],"about":[{"href":"https:\/\/hospitalmolina.cl\/index.php?rest_route=\/wp\/v2\/types\/page"}],"author":[{"embeddable":true,"href":"https:\/\/hospitalmolina.cl\/index.php?rest_route=\/wp\/v2\/users\/1"}],"replies":[{"embeddable":true,"href":"https:\/\/hospitalmolina.cl\/index.php?rest_route=%2Fwp%2Fv2%2Fcomments&post=188"}],"version-history":[{"count":15,"href":"https:\/\/hospitalmolina.cl\/index.php?rest_route=\/wp\/v2\/pages\/188\/revisions"}],"predecessor-version":[{"id":701,"href":"https:\/\/hospitalmolina.cl\/index.php?rest_route=\/wp\/v2\/pages\/188\/revisions\/701"}],"up":[{"embeddable":true,"href":"https:\/\/hospitalmolina.cl\/index.php?rest_route=\/wp\/v2\/pages\/60"}],"wp:attachment":[{"href":"https:\/\/hospitalmolina.cl\/index.php?rest_route=%2Fwp%2Fv2%2Fmedia&parent=188"}],"curies":[{"name":"wp","href":"https:\/\/api.w.org\/{rel}","templated":true}]}}