{"id":191,"date":"2016-12-06T14:43:36","date_gmt":"2016-12-06T14:43:36","guid":{"rendered":"http:\/\/www.giat.cl\/hospital\/?page_id=191"},"modified":"2018-08-10T13:17:00","modified_gmt":"2018-08-10T13:17:00","slug":"pabellon","status":"publish","type":"page","link":"https:\/\/hospitalmolina.cl\/?page_id=191","title":{"rendered":"Cirug\u00eda Menor"},"content":{"rendered":"<table style=\"height: 56px;\" border=\"1\" width=\"1056\" cellspacing=\"1\" cellpadding=\"1\" bgcolor=\"#289dcc\">\n<tbody>\n<tr>\n<td style=\"text-align: left;\">Nombre del Servicio<\/td>\n<td>Cirug\u00eda Menor&nbsp;<\/td>\n<\/tr>\n<tr>\n<td>Jefe Servicio<\/td>\n<td>Dr. Cristian Castillo Le\u00f3n<\/td>\n<\/tr>\n<tr>\n<td>Telefonos de Contacto<\/td>\n<td>Red Fija: 75 2 565274 Ventanilla SOME&nbsp;<br \/>\nRed MINSAL: 755274<\/td>\n<\/tr>\n<tr>\n<td>Horario Atenci\u00f3n&nbsp;<\/td>\n<td>Mi\u00e9rcoles de 08:00 hrs. a 14:00 hrs.<br \/>\nViernes de 08:00 hrs. a 14:00 hrs.&nbsp;<\/td>\n<\/tr>\n<\/tbody>\n<\/table>\n<h5 style=\"text-align: center;\"><b>Descripci\u00f3n General del funcionamiento del Servicio<\/b><\/h5>\n<p style=\"text-align: justify;\">Las intervenciones en cirug\u00eda menor son realizadas por m\u00e9dicos EDF del Hospital de Molina. Los procedimientos realizados en son aquellos que solo requieren de anestesia local, no se utiliza anestesia general, no es necesario ayuno ni ex\u00e1menes o estudios preoperatorios y son procedimientos ambulatorios. Sin embargo, una intervenci\u00f3n quir\u00fargica, aunque sea \u201cmenor\u201d y con anestesia local, implica el riesgo de complicaciones que no debe subestimarse, por esto existen ciertas contraindicaciones y consideraciones particulares que se deben evaluar antes de realizar una cirug\u00eda con anestesia local.<\/p>\n<p style=\"text-align: justify;\">Los Procedimientos que se realizan habitualmente son:<br \/>\n&#8211; Onicocriptosis (\u201cU\u00f1a encarnada\u201d)<br \/>\n&#8211; Lipomas<br \/>\n&#8211; Quiste Seb\u00e1ceo<br \/>\n&#8211; Resecci\u00f3n de verrugas, lunares y otros.<\/p>\n<p style=\"text-align: justify;\">La manera para acceder a realizarse los procedimientos, es por medio de evaluaci\u00f3n m\u00e9dica, desde donde son derivados con interconsulta interna a Cirug\u00eda Menor.<br \/>\nLos d\u00edas que se realizan habitualmente los procedimientos son los d\u00edas mi\u00e9rcoles o viernes en las ma\u00f1anas.<\/p>\n","protected":false},"excerpt":{"rendered":"<p>Nombre del Servicio Cirug\u00eda Menor&nbsp; Jefe Servicio Dr. Cristian Castillo Le\u00f3n Telefonos de Contacto Red Fija: 75 2 565274 Ventanilla<\/p>\n","protected":false},"author":1,"featured_media":0,"parent":60,"menu_order":0,"comment_status":"closed","ping_status":"closed","template":"","meta":{"colormag_page_container_layout":"no_sidebar_content_centered","colormag_page_sidebar_layout":"no_sidebar","ngg_post_thumbnail":0,"footnotes":""},"class_list":["post-191","page","type-page","status-publish","hentry"],"_links":{"self":[{"href":"https:\/\/hospitalmolina.cl\/index.php?rest_route=\/wp\/v2\/pages\/191","targetHints":{"allow":["GET"]}}],"collection":[{"href":"https:\/\/hospitalmolina.cl\/index.php?rest_route=\/wp\/v2\/pages"}],"about":[{"href":"https:\/\/hospitalmolina.cl\/index.php?rest_route=\/wp\/v2\/types\/page"}],"author":[{"embeddable":true,"href":"https:\/\/hospitalmolina.cl\/index.php?rest_route=\/wp\/v2\/users\/1"}],"replies":[{"embeddable":true,"href":"https:\/\/hospitalmolina.cl\/index.php?rest_route=%2Fwp%2Fv2%2Fcomments&post=191"}],"version-history":[{"count":8,"href":"https:\/\/hospitalmolina.cl\/index.php?rest_route=\/wp\/v2\/pages\/191\/revisions"}],"predecessor-version":[{"id":913,"href":"https:\/\/hospitalmolina.cl\/index.php?rest_route=\/wp\/v2\/pages\/191\/revisions\/913"}],"up":[{"embeddable":true,"href":"https:\/\/hospitalmolina.cl\/index.php?rest_route=\/wp\/v2\/pages\/60"}],"wp:attachment":[{"href":"https:\/\/hospitalmolina.cl\/index.php?rest_route=%2Fwp%2Fv2%2Fmedia&parent=191"}],"curies":[{"name":"wp","href":"https:\/\/api.w.org\/{rel}","templated":true}]}}