{"id":199,"date":"2016-12-06T14:47:41","date_gmt":"2016-12-06T14:47:41","guid":{"rendered":"http:\/\/www.giat.cl\/hospital\/?page_id=199"},"modified":"2018-07-05T14:32:28","modified_gmt":"2018-07-05T14:32:28","slug":"chile-crece-contigo","status":"publish","type":"page","link":"https:\/\/hospitalmolina.cl\/?page_id=199","title":{"rendered":"Chile Crece Contigo"},"content":{"rendered":"<p><img loading=\"lazy\" decoding=\"async\" class=\"aligncenter size-full wp-image-743\" src=\"http:\/\/www.hospitalmolina.cl\/wp-content\/uploads\/2016\/12\/Chcc.jpg\" alt=\"chcc\" width=\"438\" height=\"250\" srcset=\"https:\/\/hospitalmolina.cl\/wp-content\/uploads\/2016\/12\/Chcc.jpg 438w, https:\/\/hospitalmolina.cl\/wp-content\/uploads\/2016\/12\/Chcc-300x171.jpg 300w\" sizes=\"auto, (max-width: 438px) 100vw, 438px\" \/><\/p>\n<table style=\"height: 56px;\" border=\"1\" width=\"1056\" cellspacing=\"1\" cellpadding=\"1\" bgcolor=\"#289dcc\">\n<tbody>\n<tr>\n<td style=\"text-align: left;\">Matrona Encargada PADB ChCC<\/td>\n<td>Luisa Molina Mendez<\/td>\n<\/tr>\n<tr>\n<td>Fonoaudiologo<\/td>\n<td>Jes\u00fas Rebolledo Adasme<\/td>\n<\/tr>\n<tr>\n<td>Psic\u00f3loga<\/td>\n<td>Carolina Ram\u00edrez Tobar<\/td>\n<\/tr>\n<tr>\n<td>Educadora de P\u00e1rvulo<\/td>\n<td>Beatriz Acevedo Rebolledo<\/td>\n<\/tr>\n<tr>\n<td>Tel\u00e9fonos de Contacto<\/td>\n<td>Red Fija: 75 2 565216 Matrona<br \/>\nRed MINSAL: 755216<br \/>\nRed Fija: 75 2 565266 Psic\u00f3logo<br \/>\nRed MINSAL: 755266<br \/>\nRed Fija: 75 2 565267 Fonoaudiologo y Educadora<br \/>\nRed MINSAL: 755267<\/td>\n<\/tr>\n<tr>\n<td>Horarios de Atenci\u00f3n<\/td>\n<td>Lunes a Jueves: 08:30 a 17:30, Viernes: 08:30 a 16:30<\/td>\n<\/tr>\n<\/tbody>\n<\/table>\n<p style=\"text-align: center;\"><strong>M\u00e1s Equipo Multidisciplinario Matronas, Enfermer@s, Nutricionistas, Kinesiolog@s, M\u00e9dicos, Param\u00e9dicos y tod@s quienes atienden ni\u00f1@s.<\/strong><\/p>\n<p style=\"text-align: justify;\">Este subsistema tiene como misi\u00f3n acompa\u00f1ar, proteger y apoyar integralmente, a todos los ni\u00f1os, ni\u00f1as y sus familias, desde la gestaci\u00f3n y hasta que ingresan al sistema escolar, de forma que desarrollen al m\u00e1ximo sus capacidades. Para ello entrega acceso expedito a los servicios y prestaciones que atienden sus necesidades y apoyan su desarrollo en cada etapa de su crecimiento.<\/p>\n<p style=\"text-align: justify;\"><img loading=\"lazy\" decoding=\"async\" class=\"aligncenter wp-image-744 \" src=\"http:\/\/www.hospitalmolina.cl\/wp-content\/uploads\/2016\/12\/Chcc1.jpg\" alt=\"chcc1\" width=\"711\" height=\"534\" srcset=\"https:\/\/hospitalmolina.cl\/wp-content\/uploads\/2016\/12\/Chcc1.jpg 638w, https:\/\/hospitalmolina.cl\/wp-content\/uploads\/2016\/12\/Chcc1-300x225.jpg 300w\" sizes=\"auto, (max-width: 711px) 100vw, 711px\" \/><\/p>\n<p style=\"text-align: center;\"><img loading=\"lazy\" decoding=\"async\" class=\"aligncenter wp-image-745\" src=\"http:\/\/www.hospitalmolina.cl\/wp-content\/uploads\/2016\/12\/Chcc2.jpg\" alt=\"chcc2\" width=\"722\" height=\"541\" srcset=\"https:\/\/hospitalmolina.cl\/wp-content\/uploads\/2016\/12\/Chcc2.jpg 728w, https:\/\/hospitalmolina.cl\/wp-content\/uploads\/2016\/12\/Chcc2-300x225.jpg 300w\" sizes=\"auto, (max-width: 722px) 100vw, 722px\" \/><br \/>\n<style type=\"text\/css\">.easingslider-755 { max-width: 640px; }.easingslider-755 .easingslider-image { max-height: 400px; max-width: 640px; }.easingslider-755 .easingslider-fade-in, .easingslider-fade-out { -webkit-animation-duration: 400ms; -moz-animation-duration: 400ms; animation-duration: 400ms; }<\/style><script type=\"text\/javascript\">window.EasingSlider755 = {\"width\":640,\"height\":400,\"singleItem\":true,\"items\":1,\"itemsDesktop\":false,\"itemsDesktopSmall\":false,\"itemsTablet\":false,\"itemsTabletSmall\":false,\"itemsMobile\":false,\"responsive\":true,\"lazyLoad\":true,\"autoPlay\":4000,\"slideSpeed\":400,\"navigation\":true,\"navigationText\":[\"\",\"\"],\"pagination\":true,\"autoHeight\":false,\"mouseDrag\":false,\"touchDrag\":false,\"addClassActive\":true,\"transitionStyle\":\"fade\"};<\/script><div data-id=\"755\" class=\"easingslider easingslider-755 easingslider-container easingslider-resizing-enabled easingslider-aspect-ratio easingslider-arrows-inside easingslider-pagination-inside easingslider-pagination-bottom-center\"><div class=\"easingslider-slide\"><img decoding=\"async\" src=\"https:\/\/hospitalmolina.cl\/wp-content\/plugins\/easing-slider\/assets\/images\/placeholder-pixel.png\" data-src=\"https:\/\/hospitalmolina.cl\/wp-content\/uploads\/2016\/12\/Chcc3-640x400.jpg\" alt=\"\" title=\"\" class=\"easingslider-image easingslider-lazy\" \/><\/div><div class=\"easingslider-slide\"><img decoding=\"async\" src=\"https:\/\/hospitalmolina.cl\/wp-content\/plugins\/easing-slider\/assets\/images\/placeholder-pixel.png\" data-src=\"https:\/\/hospitalmolina.cl\/wp-content\/uploads\/2016\/12\/Chcc4-640x400.jpg\" alt=\"\" title=\"\" class=\"easingslider-image easingslider-lazy\" \/><\/div><div class=\"easingslider-slide\"><img decoding=\"async\" src=\"https:\/\/hospitalmolina.cl\/wp-content\/plugins\/easing-slider\/assets\/images\/placeholder-pixel.png\" data-src=\"https:\/\/hospitalmolina.cl\/wp-content\/uploads\/2016\/12\/Chcc5-640x400.jpg\" alt=\"\" title=\"\" class=\"easingslider-image easingslider-lazy\" \/><\/div><div class=\"easingslider-slide\"><img decoding=\"async\" src=\"https:\/\/hospitalmolina.cl\/wp-content\/plugins\/easing-slider\/assets\/images\/placeholder-pixel.png\" data-src=\"https:\/\/hospitalmolina.cl\/wp-content\/uploads\/2016\/12\/Chcc6-640x400.jpg\" alt=\"\" title=\"\" class=\"easingslider-image easingslider-lazy\" \/><\/div><div class=\"easingslider-slide\"><img decoding=\"async\" src=\"https:\/\/hospitalmolina.cl\/wp-content\/plugins\/easing-slider\/assets\/images\/placeholder-pixel.png\" data-src=\"https:\/\/hospitalmolina.cl\/wp-content\/uploads\/2016\/12\/Chcc7-640x400.jpg\" alt=\"\" title=\"\" class=\"easingslider-image easingslider-lazy\" \/><\/div><div class=\"easingslider-slide\"><img decoding=\"async\" src=\"https:\/\/hospitalmolina.cl\/wp-content\/plugins\/easing-slider\/assets\/images\/placeholder-pixel.png\" data-src=\"https:\/\/hospitalmolina.cl\/wp-content\/uploads\/2016\/12\/Chcc8-640x400.jpg\" alt=\"\" title=\"\" class=\"easingslider-image easingslider-lazy\" \/><\/div><\/div>&nbsp; &nbsp; &nbsp; &nbsp; &nbsp; &nbsp; &nbsp;<\/p>\n","protected":false},"excerpt":{"rendered":"<p>Matrona Encargada PADB ChCC Luisa Molina Mendez Fonoaudiologo Jes\u00fas Rebolledo Adasme Psic\u00f3loga Carolina Ram\u00edrez Tobar Educadora de P\u00e1rvulo Beatriz Acevedo<\/p>\n","protected":false},"author":1,"featured_media":0,"parent":62,"menu_order":0,"comment_status":"closed","ping_status":"closed","template":"","meta":{"colormag_page_container_layout":"no_sidebar_content_centered","colormag_page_sidebar_layout":"no_sidebar","ngg_post_thumbnail":0,"footnotes":""},"class_list":["post-199","page","type-page","status-publish","hentry"],"_links":{"self":[{"href":"https:\/\/hospitalmolina.cl\/index.php?rest_route=\/wp\/v2\/pages\/199","targetHints":{"allow":["GET"]}}],"collection":[{"href":"https:\/\/hospitalmolina.cl\/index.php?rest_route=\/wp\/v2\/pages"}],"about":[{"href":"https:\/\/hospitalmolina.cl\/index.php?rest_route=\/wp\/v2\/types\/page"}],"author":[{"embeddable":true,"href":"https:\/\/hospitalmolina.cl\/index.php?rest_route=\/wp\/v2\/users\/1"}],"replies":[{"embeddable":true,"href":"https:\/\/hospitalmolina.cl\/index.php?rest_route=%2Fwp%2Fv2%2Fcomments&post=199"}],"version-history":[{"count":23,"href":"https:\/\/hospitalmolina.cl\/index.php?rest_route=\/wp\/v2\/pages\/199\/revisions"}],"predecessor-version":[{"id":784,"href":"https:\/\/hospitalmolina.cl\/index.php?rest_route=\/wp\/v2\/pages\/199\/revisions\/784"}],"up":[{"embeddable":true,"href":"https:\/\/hospitalmolina.cl\/index.php?rest_route=\/wp\/v2\/pages\/62"}],"wp:attachment":[{"href":"https:\/\/hospitalmolina.cl\/index.php?rest_route=%2Fwp%2Fv2%2Fmedia&parent=199"}],"curies":[{"name":"wp","href":"https:\/\/api.w.org\/{rel}","templated":true}]}}