{"id":201,"date":"2016-12-06T14:48:07","date_gmt":"2016-12-06T14:48:07","guid":{"rendered":"http:\/\/www.giat.cl\/hospital\/?page_id=201"},"modified":"2018-06-27T21:31:02","modified_gmt":"2018-06-27T21:31:02","slug":"salud-mental","status":"publish","type":"page","link":"https:\/\/hospitalmolina.cl\/?page_id=201","title":{"rendered":"Salud Mental"},"content":{"rendered":"<p style=\"text-align: justify;\">Plan Nacional de Salud Mental El Ministerio de Salud de Chile en su decisi\u00f3n de adecuarse a las necesidades de la poblaci\u00f3n ha formulado este Plan, el cual es el fruto de la experiencia, reflexi\u00f3n y an\u00e1lisis colectivo de un importante n\u00famero de personas, que en su condici\u00f3n de usuarios, familiares, t\u00e9cnicos y profesionales, expresaron as\u00ed la voluntad nacional de abordar esta dimensi\u00f3n sanitaria. En \u00e9l se recoge la experiencia y los logros de los \u00faltimos a\u00f1os de los distintos equipos de salud mental y psiquiatr\u00eda del pa\u00eds, y se se\u00f1alan, en forma concreta, objetivos y estrategias para orientar los recursos del Estado en acciones para elevar el bienestar y salud mental de los chilenos.<\/p>\n<p style=\"text-align: justify;\">Funciones Generales del Equipo:<\/p>\n<p style=\"text-align: justify;\">Realizar intervenci\u00f3n diagn\u00f3stica en casos que sean referidos.en los casos diagnosticados otorgando el tratamiento y la rehabilitaci\u00f3n psicosocial en enfermedades mentales de mediana y baja complejidad.intervenciones individuales,&nbsp; familiares y grupales y utilizar las redes de apoyo seg\u00fan su radio de acci\u00f3n. con el cl\u00ednico que corresponda para las derivaciones y contrarreferencias.<\/p>\n<p style=\"text-align: justify;\">Establecer un sistema de derivaci\u00f3n y registro de los casos de su centro de atenci\u00f3n.trabajo administrativo.<\/p>\n<p style=\"text-align: justify;\">Para ser atendido en el Programa de Salud Mental de nuestro Hospital de Molina, debe ser evaluado y diagn\u00f3sticado por un m\u00e9dico para as\u00ed realizar derivaci\u00f3n de atenci\u00f3n psicol\u00f3gica y social.<\/p>\n<p style=\"text-align: justify;\">Programas<\/p>\n<p style=\"text-align: justify;\">Depresi\u00f3n en mayores de 15 a\u00f1os Intrafamiliar (VIF)\u00f3n y Tratamiento integral de Alcohol y Drogas perjudicial y dependencia de OH y Drogas en poblaci\u00f3n menor de 20 a\u00f1os mental Infanto Juvenil.<\/p>\n","protected":false},"excerpt":{"rendered":"<p>Plan Nacional de Salud Mental El Ministerio de Salud de Chile en su decisi\u00f3n de adecuarse a las necesidades de<\/p>\n","protected":false},"author":1,"featured_media":0,"parent":62,"menu_order":0,"comment_status":"closed","ping_status":"closed","template":"","meta":{"colormag_page_container_layout":"no_sidebar_content_centered","colormag_page_sidebar_layout":"no_sidebar","ngg_post_thumbnail":0,"footnotes":""},"class_list":["post-201","page","type-page","status-publish","hentry"],"_links":{"self":[{"href":"https:\/\/hospitalmolina.cl\/index.php?rest_route=\/wp\/v2\/pages\/201","targetHints":{"allow":["GET"]}}],"collection":[{"href":"https:\/\/hospitalmolina.cl\/index.php?rest_route=\/wp\/v2\/pages"}],"about":[{"href":"https:\/\/hospitalmolina.cl\/index.php?rest_route=\/wp\/v2\/types\/page"}],"author":[{"embeddable":true,"href":"https:\/\/hospitalmolina.cl\/index.php?rest_route=\/wp\/v2\/users\/1"}],"replies":[{"embeddable":true,"href":"https:\/\/hospitalmolina.cl\/index.php?rest_route=%2Fwp%2Fv2%2Fcomments&post=201"}],"version-history":[{"count":5,"href":"https:\/\/hospitalmolina.cl\/index.php?rest_route=\/wp\/v2\/pages\/201\/revisions"}],"predecessor-version":[{"id":705,"href":"https:\/\/hospitalmolina.cl\/index.php?rest_route=\/wp\/v2\/pages\/201\/revisions\/705"}],"up":[{"embeddable":true,"href":"https:\/\/hospitalmolina.cl\/index.php?rest_route=\/wp\/v2\/pages\/62"}],"wp:attachment":[{"href":"https:\/\/hospitalmolina.cl\/index.php?rest_route=%2Fwp%2Fv2%2Fmedia&parent=201"}],"curies":[{"name":"wp","href":"https:\/\/api.w.org\/{rel}","templated":true}]}}