{"id":203,"date":"2016-12-06T14:48:32","date_gmt":"2016-12-06T14:48:32","guid":{"rendered":"http:\/\/www.giat.cl\/hospital\/?page_id=203"},"modified":"2022-03-22T13:48:58","modified_gmt":"2022-03-22T13:48:58","slug":"cardiovascular","status":"publish","type":"page","link":"https:\/\/hospitalmolina.cl\/?page_id=203","title":{"rendered":"Cardiovascular"},"content":{"rendered":"<p>&nbsp;<\/p>\n<table style=\"height: 279px;\" border=\"1\" width=\"1140\" cellspacing=\"1\" cellpadding=\"1\" bgcolor=\"#289dcc\">\n<tbody>\n<tr>\n<td style=\"text-align: left;\">Nombre del Programa<\/td>\n<td>Programa de Salud Cardiovascular (PSCV)<\/td>\n<\/tr>\n<tr>\n<td>Jefe de Programa<\/td>\n<td>Dra. Wanda Herrera<\/td>\n<\/tr>\n<tr>\n<td>Enfermera Jefe del Programa<\/td>\n<td>E.U. Javiera Olivares<\/td>\n<\/tr>\n<tr>\n<td>Secretarias Sector Rojo<\/td>\n<td>Tamara Marchant &#8211; P\u00eda Gonz\u00e1lez<\/td>\n<\/tr>\n<tr>\n<td>Secretaria Sector Amarillo<\/td>\n<td>Stefanny Fuentes &#8211; Cecilia Bravo<\/td>\n<\/tr>\n<tr>\n<td>TENS Sector Rojo<\/td>\n<td>Daniela Silva<\/td>\n<\/tr>\n<tr>\n<td>TENS Sector Amarillo<\/td>\n<td>Claudia Aguilera<\/td>\n<\/tr>\n<tr>\n<td>Tel\u00e9fonos de Contacto<\/td>\n<td>Red Fija Sector Rojo: 75 2 565234&nbsp;<br \/>\nRed MINSAL: 755234&nbsp;<br \/>\nRed Fija Sector Amarillo: 75 2 565222&nbsp;<br \/>\nRed MINSAL: 755222<\/td>\n<\/tr>\n<tr>\n<td>Box de Atenci\u00f3n<\/td>\n<td>Box 27 Amarillo, Box 39 Rojo&nbsp;<\/td>\n<\/tr>\n<\/tbody>\n<\/table>\n<p style=\"text-align: justify;\"><strong>Subprogramas del Programa del Adulto y Adulto Mayor:<\/strong><\/p>\n<p style=\"text-align: justify;\">Contribuye a elevar y controlar el nivel de salud de la poblaci\u00f3n adulta y adultos mayores de acuerdo a riesgo cardiovascular.<\/p>\n<p style=\"text-align: justify;\">Son ingresados al programa aquellos pacientes que tienen diagn\u00f3stico de Hipertensi\u00f3n Arterial, Diabetes Mellitus tipo 2 o Dislipidemia, previniendo la morbi-mortalidad de las personas que habitan en el sector urbano de Molina, contribuyendo, de esta manera, a prolongar y mejorar la calidad de vida de nuestros pacientes<\/p>\n<p style=\"text-align: justify;\">Lugar de la prestaci\u00f3n: Consultorio adosado Hospital Santa Rosa de Molina.<\/p>\n<p style=\"text-align: justify;\"><strong>Acciones que contempla:<\/strong><\/p>\n<p style=\"text-align: justify;\">1) Examen de Salud Medico Preventivo del Adulto y Adulto Mayor (EMP-EMPAM), con el objeto de promover conductas y estilos de vida saludable desde 15 a\u00f1os y m\u00e1s a\u00f1os.<\/p>\n<p style=\"text-align: justify;\">2) Control de pacientes de acuerdo a Riesgo Cardiovascular (Bajo, Moderado o Alto). Citados peri\u00f3dicamente con Medico, Enfermero (a) o Nutricionista, con ex\u00e1menes de laboratorio para detectar anormalidades precozmente.<\/p>\n<p style=\"text-align: justify;\">3) Entrega de medicamentos prescritos por m\u00e9dico para cada patolog\u00eda.<\/p>\n<p style=\"text-align: justify;\">4) Prestaciones a pacientes diab\u00e9ticos indicados por el AUGE\/GES: Fondo de Ojo, Atenci\u00f3n Podol\u00f3gica, Profesor de Educaci\u00f3n F\u00edsica, etc. Con el objeto de reducir las complicaciones y la mortalidad por diabetes. Adem\u00e1s, la asesor\u00eda a Club de Diab\u00e9ticos \u201cPor m\u00e1s y mejor vida\u201d, que se re\u00fanen mensualmente.<\/p>\n<p style=\"text-align: justify;\">5) Control de Hipertensi\u00f3n Arterial, con el fin de reducir la morbi-mortalidad por enfermedad cerebrovascular a 2250 personas en la actualidad. Diagn\u00f3stico se realiza con perfil o Holter de Presi\u00f3n arterial, disponibles en nuestro establecimiento.<\/p>\n<p style=\"text-align: justify;\">6) Control de Dislipidemia con el objeto de evaluar y tratar las causas de hipercolesterolemia en personas adultas, evitando que el colesterol alto se constituya en un factor de riesgo cardiovascular.<\/p>\n<p style=\"text-align: justify;\">Actualmente, se encuentran en control 2449 pacientes, dentro de los cuales, 2280 tienen Hipertensi\u00f3n Arterial y 1024 Diabetes Mellitus Tipo 2.<\/p>\n","protected":false},"excerpt":{"rendered":"<p>&nbsp; Nombre del Programa Programa de Salud Cardiovascular (PSCV) Jefe de Programa Dra. Wanda Herrera Enfermera Jefe del Programa E.U.<\/p>\n","protected":false},"author":1,"featured_media":0,"parent":62,"menu_order":0,"comment_status":"closed","ping_status":"closed","template":"","meta":{"colormag_page_container_layout":"no_sidebar_content_centered","colormag_page_sidebar_layout":"no_sidebar","ngg_post_thumbnail":0,"footnotes":""},"class_list":["post-203","page","type-page","status-publish","hentry"],"_links":{"self":[{"href":"https:\/\/hospitalmolina.cl\/index.php?rest_route=\/wp\/v2\/pages\/203","targetHints":{"allow":["GET"]}}],"collection":[{"href":"https:\/\/hospitalmolina.cl\/index.php?rest_route=\/wp\/v2\/pages"}],"about":[{"href":"https:\/\/hospitalmolina.cl\/index.php?rest_route=\/wp\/v2\/types\/page"}],"author":[{"embeddable":true,"href":"https:\/\/hospitalmolina.cl\/index.php?rest_route=\/wp\/v2\/users\/1"}],"replies":[{"embeddable":true,"href":"https:\/\/hospitalmolina.cl\/index.php?rest_route=%2Fwp%2Fv2%2Fcomments&post=203"}],"version-history":[{"count":8,"href":"https:\/\/hospitalmolina.cl\/index.php?rest_route=\/wp\/v2\/pages\/203\/revisions"}],"predecessor-version":[{"id":1512,"href":"https:\/\/hospitalmolina.cl\/index.php?rest_route=\/wp\/v2\/pages\/203\/revisions\/1512"}],"up":[{"embeddable":true,"href":"https:\/\/hospitalmolina.cl\/index.php?rest_route=\/wp\/v2\/pages\/62"}],"wp:attachment":[{"href":"https:\/\/hospitalmolina.cl\/index.php?rest_route=%2Fwp%2Fv2%2Fmedia&parent=203"}],"curies":[{"name":"wp","href":"https:\/\/api.w.org\/{rel}","templated":true}]}}