{"id":207,"date":"2016-12-06T14:49:08","date_gmt":"2016-12-06T14:49:08","guid":{"rendered":"http:\/\/www.giat.cl\/hospital\/?page_id=207"},"modified":"2018-06-29T13:58:14","modified_gmt":"2018-06-29T13:58:14","slug":"sala-era","status":"publish","type":"page","link":"https:\/\/hospitalmolina.cl\/?page_id=207","title":{"rendered":"Sala ERA"},"content":{"rendered":"<table style=\"height: 56px;\" border=\"1\" width=\"1056\" cellspacing=\"1\" cellpadding=\"1\" bgcolor=\"#289dcc\">\n<tbody>\n<tr>\n<td style=\"text-align: left;\">Nombre del Programa<\/td>\n<td>Sala ERA<\/td>\n<\/tr>\n<tr>\n<td>Jefe de Programa<\/td>\n<td>Dr. Cristian Reyes Jofr\u00e9<\/td>\n<\/tr>\n<tr>\n<td>Kinesi\u00f3logo encargado de Programa<\/td>\n<td>Klgo. Jorge Serra Calas<\/td>\n<\/tr>\n<\/tbody>\n<\/table>\n<p style=\"text-align: justify;\">Sala dise\u00f1ada para el control de las enfermedades respiratorias del adulto. La cual cuenta con profesional m\u00e9dico y kinesi\u00f3logo.<\/p>\n<p style=\"text-align: justify;\">El objetivo es pesquisar y tratar adultos con patolog\u00edas respiratorias con Limitaci\u00f3n Cr\u00f3nica del Flujo A\u00e9reo como EPOC (Enfermedad Pulmonar Obstructiva Cr\u00f3nica), Fibrosis Pulmonar, Secuelados de Tuberculosis, Asma, etc. Adem\u00e1s, se realizan controles de patolog\u00edas o exacerbaciones agudas como Neumon\u00edas, bronquitis u otras, brindando el correcto diagn\u00f3stico, tratamiento, control y educaci\u00f3n.<\/p>\n<p style=\"text-align: justify;\">Contamos con la posibilidad de ex\u00e1menes como espirometr\u00eda y radiograf\u00edas, que se realizan en nuestro establecimiento.&nbsp;El tratamiento es indicado por m\u00e9dico, Se realiza entrega de inhaladores y rehabilitaci\u00f3n pulmonar seg\u00fan indicaci\u00f3n.<\/p>\n<p style=\"text-align: justify;\">A trav\u00e9s de nuestros controles realizamos educaci\u00f3n de t\u00e9cnicas inhalatorias, control ambiental y promovemos la suspensi\u00f3n de tabaco, promoviendo un estilo de vida saludable para que nuestros pacientes tengan un mejor control y evitar as\u00ed, cuadros respiratorios graves.<\/p>\n","protected":false},"excerpt":{"rendered":"<p>Nombre del Programa Sala ERA Jefe de Programa Dr. Cristian Reyes Jofr\u00e9 Kinesi\u00f3logo encargado de Programa Klgo. Jorge Serra Calas<\/p>\n","protected":false},"author":1,"featured_media":0,"parent":62,"menu_order":0,"comment_status":"closed","ping_status":"closed","template":"","meta":{"colormag_page_container_layout":"no_sidebar_content_centered","colormag_page_sidebar_layout":"no_sidebar","ngg_post_thumbnail":0,"footnotes":""},"class_list":["post-207","page","type-page","status-publish","hentry"],"_links":{"self":[{"href":"https:\/\/hospitalmolina.cl\/index.php?rest_route=\/wp\/v2\/pages\/207","targetHints":{"allow":["GET"]}}],"collection":[{"href":"https:\/\/hospitalmolina.cl\/index.php?rest_route=\/wp\/v2\/pages"}],"about":[{"href":"https:\/\/hospitalmolina.cl\/index.php?rest_route=\/wp\/v2\/types\/page"}],"author":[{"embeddable":true,"href":"https:\/\/hospitalmolina.cl\/index.php?rest_route=\/wp\/v2\/users\/1"}],"replies":[{"embeddable":true,"href":"https:\/\/hospitalmolina.cl\/index.php?rest_route=%2Fwp%2Fv2%2Fcomments&post=207"}],"version-history":[{"count":6,"href":"https:\/\/hospitalmolina.cl\/index.php?rest_route=\/wp\/v2\/pages\/207\/revisions"}],"predecessor-version":[{"id":782,"href":"https:\/\/hospitalmolina.cl\/index.php?rest_route=\/wp\/v2\/pages\/207\/revisions\/782"}],"up":[{"embeddable":true,"href":"https:\/\/hospitalmolina.cl\/index.php?rest_route=\/wp\/v2\/pages\/62"}],"wp:attachment":[{"href":"https:\/\/hospitalmolina.cl\/index.php?rest_route=%2Fwp%2Fv2%2Fmedia&parent=207"}],"curies":[{"name":"wp","href":"https:\/\/api.w.org\/{rel}","templated":true}]}}