{"id":222,"date":"2016-12-06T14:58:18","date_gmt":"2016-12-06T14:58:18","guid":{"rendered":"http:\/\/www.giat.cl\/hospital\/?page_id=222"},"modified":"2018-06-29T13:50:04","modified_gmt":"2018-06-29T13:50:04","slug":"oirs","status":"publish","type":"page","link":"https:\/\/hospitalmolina.cl\/?page_id=222","title":{"rendered":"OIRS"},"content":{"rendered":"<p align=\"justify\"><img loading=\"lazy\" decoding=\"async\" class=\"aligncenter size-full wp-image-355\" src=\"http:\/\/www.giat.cl\/hospital\/wp-content\/uploads\/2017\/10\/OIRS.jpg\" alt=\"oirs\" width=\"3263\" height=\"1622\" srcset=\"https:\/\/hospitalmolina.cl\/wp-content\/uploads\/2017\/10\/OIRS.jpg 3263w, https:\/\/hospitalmolina.cl\/wp-content\/uploads\/2017\/10\/OIRS-300x149.jpg 300w, https:\/\/hospitalmolina.cl\/wp-content\/uploads\/2017\/10\/OIRS-768x382.jpg 768w, https:\/\/hospitalmolina.cl\/wp-content\/uploads\/2017\/10\/OIRS-1024x509.jpg 1024w\" sizes=\"auto, (max-width: 3263px) 100vw, 3263px\" \/><\/p>\n<table style=\"height: 56px;\" border=\"1\" width=\"1056\" cellspacing=\"1\" cellpadding=\"1\" bgcolor=\"#289dcc\">\n<tbody>\n<tr>\n<td style=\"text-align: left;\">Nombre del Servicio<\/td>\n<td>Oficina de Informaciones, Reclamos y Sugerencias<\/td>\n<\/tr>\n<tr>\n<td>Jefe de Servicio<\/td>\n<td>Norka Rojas<\/td>\n<\/tr>\n<tr>\n<td>Administrativo encargado<\/td>\n<td>Maria Eugenia Contreras<\/td>\n<\/tr>\n<tr>\n<td>Telefonos de Contacto<\/td>\n<td>Red Fija: 75 2 565200<br \/>\nRed MINSAL: 755200<\/td>\n<\/tr>\n<tr>\n<td>Horarios de Atenci\u00f3n<\/td>\n<td>Lunes a Viernes : 8:00 a 13:30 horas y de 14:30 a 16:50 horas.<br \/>\nS\u00e1bado, Domingo y Festivos Formulario \u00danico de Solicitudes Ciudadanas disponible en el Servicio de Urgencia del Hospital.<\/td>\n<\/tr>\n<\/tbody>\n<\/table>\n<p align=\"justify\">Los Usuarios que quieran presentar reclamos, sugerencias y\/o felicitaciones, deben acercarse a la oficina O.I.R.S. y solicitar el&nbsp;formulario \u00fanico de solicitudes ciudadanas. Si su inquietud es fuera de horario establecido, Lo puede realizar tambi\u00e9n v\u00eda ONLINE en <strong><a href=\"http:\/\/oirs.minsal.cl\/\">oirs.minsal.cl<\/a><\/strong><\/p>\n<p align=\"justify\">Si no obtiene respuesta dentro de 15 d\u00edas h\u00e1biles, o siente que se han vulnerado sus derechos, usted debe acudir a la Comisi\u00f3n Defensora Ciudadana a trav\u00e9s de la p\u00e1gina web&nbsp;<strong><a href=\"http:\/\/reclamos.cdc.gob.cl\/\" target=\"_blank\">www.cdc.gob.cl<\/a><\/strong>, Esta Comisi\u00f3n es la instancia superior, que vela porque las respuestas de los organismos p\u00fablicos del Gobierno se ajusten a las leyes.<\/p>\n<p align=\"justify\"><strong>Correo Electr\u00f3nico OIRS : <a href=\"mailto:oirsmolina@gmail.com\">oirsmolina@gmail.com<\/a><\/strong><br \/>\n<strong>Correo Electr\u00f3nico Direcci\u00f3n Hospital Santa Rosa de Molina<\/strong>: <strong><a href=\"mailto:hospitalmolina@tie.cl\">hospitalmolina@tie.cl<\/a><\/strong><\/p>\n<p align=\"justify\">&nbsp;<strong>Pagina web: <a href=\"http:\/\/www.hospitalmolina.cl\/\">www.hospitalmolina.cl<\/a><\/strong>&nbsp;<br \/>\n<strong>Pagina Web MINSAL<\/strong>: <strong><a href=\"http:\/\/www.minsal.cl\/\">www.minsal.cl<\/a><\/strong><\/p>\n","protected":false},"excerpt":{"rendered":"<p>Nombre del Servicio Oficina de Informaciones, Reclamos y Sugerencias Jefe de Servicio Norka Rojas Administrativo encargado Maria Eugenia Contreras Telefonos<\/p>\n","protected":false},"author":1,"featured_media":0,"parent":217,"menu_order":0,"comment_status":"closed","ping_status":"closed","template":"","meta":{"colormag_page_container_layout":"no_sidebar_content_centered","colormag_page_sidebar_layout":"no_sidebar","ngg_post_thumbnail":0,"footnotes":""},"class_list":["post-222","page","type-page","status-publish","hentry"],"_links":{"self":[{"href":"https:\/\/hospitalmolina.cl\/index.php?rest_route=\/wp\/v2\/pages\/222","targetHints":{"allow":["GET"]}}],"collection":[{"href":"https:\/\/hospitalmolina.cl\/index.php?rest_route=\/wp\/v2\/pages"}],"about":[{"href":"https:\/\/hospitalmolina.cl\/index.php?rest_route=\/wp\/v2\/types\/page"}],"author":[{"embeddable":true,"href":"https:\/\/hospitalmolina.cl\/index.php?rest_route=\/wp\/v2\/users\/1"}],"replies":[{"embeddable":true,"href":"https:\/\/hospitalmolina.cl\/index.php?rest_route=%2Fwp%2Fv2%2Fcomments&post=222"}],"version-history":[{"count":5,"href":"https:\/\/hospitalmolina.cl\/index.php?rest_route=\/wp\/v2\/pages\/222\/revisions"}],"predecessor-version":[{"id":698,"href":"https:\/\/hospitalmolina.cl\/index.php?rest_route=\/wp\/v2\/pages\/222\/revisions\/698"}],"up":[{"embeddable":true,"href":"https:\/\/hospitalmolina.cl\/index.php?rest_route=\/wp\/v2\/pages\/217"}],"wp:attachment":[{"href":"https:\/\/hospitalmolina.cl\/index.php?rest_route=%2Fwp%2Fv2%2Fmedia&parent=222"}],"curies":[{"name":"wp","href":"https:\/\/api.w.org\/{rel}","templated":true}]}}