{"id":259,"date":"2016-12-07T15:26:48","date_gmt":"2016-12-07T15:26:48","guid":{"rendered":"http:\/\/www.giat.cl\/hospital\/?page_id=259"},"modified":"2021-12-14T13:32:31","modified_gmt":"2021-12-14T13:32:31","slug":"mensaje-del-director","status":"publish","type":"page","link":"https:\/\/hospitalmolina.cl\/?page_id=259","title":{"rendered":"Mensaje del Director"},"content":{"rendered":"<p style=\"text-align: justify;\">Como Instituci\u00f3n queremos cumplir con los est\u00e1ndares adecuados para poder entregar una atenci\u00f3n oportuna y de calidad a nuestra comunidad que nos permita tener un impacto real en la salud de Molina.<\/p>\n<p style=\"text-align: justify;\">Detr\u00e1s de esto, existe un trabajo constante en la b\u00fasqueda de mayor eficiencia en la utilizaci\u00f3n de infraestructura, equipamientos y tecnolog\u00eda, que nos permita responder atingentemente a los requerimientos de nuestros usuarios. Adem\u00e1s, en este desarrollo continuo consideramos como el principal recurso al capital humano que conforma la instituci\u00f3n como tal, siendo \u00e9stos los verdaderos gestores del cambio.<\/p>\n<p style=\"text-align: justify;\">Nuestra motivaci\u00f3n y proyecci\u00f3n es seguir trabajando para aumentar el nivel de resolutividad y complejidad de nuestro hospital de la mano de un trato digno y justo con nuestros usuarios. Debemos sentirnos orgullosos por los logros que hemos obtenido en el transcurso del \u00faltimo tiempo, siendo imperante que integremos como aprendizaje y desaf\u00edo la resistencia a caer en estados de inercia, que nos inmovilizan. Ya que debemos seguir gestionado el cambio.<\/p>\n<p style=\"text-align: justify;\">Existe una frase que refleja el sentido del cambio: \u201cSi buscas resultados distintos, no hagas siempre lo mismo.\u201d Esa es la esencia de la innovaci\u00f3n, es intentar algo diferente permanentemente para generar mejoras que nos permitan responder a nuestros objetivos. Sin dudas tendremos errores pero \u00e9stos, ser\u00e1n infinitas oportunidades de mejora con el \u00fanico fin de aportar significativamente a la Salud de nuestra comuna y la regi\u00f3n.<\/p>\n<p>Un Abrazo.&nbsp;<\/p>\n<p>Nilton Palacios Maldonado<\/p>\n<p>Director Hospital Santa Rosa de Molina&nbsp;<\/p>\n","protected":false},"excerpt":{"rendered":"<p>Como Instituci\u00f3n queremos cumplir con los est\u00e1ndares adecuados para poder entregar una atenci\u00f3n oportuna y de calidad a nuestra comunidad<\/p>\n","protected":false},"author":1,"featured_media":0,"parent":0,"menu_order":0,"comment_status":"closed","ping_status":"closed","template":"","meta":{"colormag_page_container_layout":"no_sidebar_content_centered","colormag_page_sidebar_layout":"no_sidebar","ngg_post_thumbnail":0,"footnotes":""},"class_list":["post-259","page","type-page","status-publish","hentry"],"_links":{"self":[{"href":"https:\/\/hospitalmolina.cl\/index.php?rest_route=\/wp\/v2\/pages\/259","targetHints":{"allow":["GET"]}}],"collection":[{"href":"https:\/\/hospitalmolina.cl\/index.php?rest_route=\/wp\/v2\/pages"}],"about":[{"href":"https:\/\/hospitalmolina.cl\/index.php?rest_route=\/wp\/v2\/types\/page"}],"author":[{"embeddable":true,"href":"https:\/\/hospitalmolina.cl\/index.php?rest_route=\/wp\/v2\/users\/1"}],"replies":[{"embeddable":true,"href":"https:\/\/hospitalmolina.cl\/index.php?rest_route=%2Fwp%2Fv2%2Fcomments&post=259"}],"version-history":[{"count":5,"href":"https:\/\/hospitalmolina.cl\/index.php?rest_route=\/wp\/v2\/pages\/259\/revisions"}],"predecessor-version":[{"id":1494,"href":"https:\/\/hospitalmolina.cl\/index.php?rest_route=\/wp\/v2\/pages\/259\/revisions\/1494"}],"wp:attachment":[{"href":"https:\/\/hospitalmolina.cl\/index.php?rest_route=%2Fwp%2Fv2%2Fmedia&parent=259"}],"curies":[{"name":"wp","href":"https:\/\/api.w.org\/{rel}","templated":true}]}}