{"id":321,"date":"2017-10-17T15:14:36","date_gmt":"2017-10-17T15:14:36","guid":{"rendered":"http:\/\/www.giat.cl\/hospital\/?page_id=321"},"modified":"2022-05-25T21:00:42","modified_gmt":"2022-05-25T21:00:42","slug":"cuenta-publica","status":"publish","type":"page","link":"https:\/\/hospitalmolina.cl\/?page_id=321","title":{"rendered":"Cuenta Publica"},"content":{"rendered":"<h2 style=\"text-align: center;\"><a href=\"http:\/\/www.hospitalmolina.cl\/wp-content\/uploads\/2018\/06\/Cuenta-Publica-2017.pdf\"><strong>A\u00f1o 2017<\/strong><\/a><\/h2>\n<h2 style=\"text-align: center;\"><a href=\"http:\/\/www.hospitalmolina.cl\/wp-content\/uploads\/2017\/10\/Cuenta-P\u00fablica-2018_2.pdf\" target=\"_blank\" rel=\"noopener noreferrer\"><strong>A\u00f1o 2018<\/strong><\/a><\/h2>\n<h2 style=\"text-align: center;\"><a href=\"http:\/\/www.hospitalmolina.cl\/wp-content\/uploads\/2020\/05\/Cuenta-P\u00fablica-2019.pdf\" target=\"_blank\" rel=\"noopener noreferrer\"><strong>A\u00f1o 2019<\/strong><\/a><\/h2>\n<h2 style=\"text-align: center;\"><a href=\"https:\/\/drive.google.com\/file\/d\/1BCYoahtXz4LLjAuVNM-N7SZ2BGM7Xq-S\/view?usp=sharing\" target=\"_blank\" rel=\"noopener noreferrer\"><strong>A\u00f1o 2020<\/strong><\/a><\/h2>\n<h2 style=\"text-align: center;\"><a href=\"https:\/\/drive.google.com\/file\/d\/1pwceV1z_wGPQvbz8AP_QLPsehU9jbj0b\/view?usp=sharing\" target=\"_blank\" rel=\"noopener noreferrer\"><strong>A\u00f1o 2021<\/strong><\/a><\/h2>\n\n\n<p><\/p>\n","protected":false},"excerpt":{"rendered":"<p>A\u00f1o 2017 A\u00f1o 2018 A\u00f1o 2019 A\u00f1o 2020 A\u00f1o 2021<\/p>\n","protected":false},"author":1,"featured_media":0,"parent":0,"menu_order":0,"comment_status":"closed","ping_status":"closed","template":"","meta":{"colormag_page_container_layout":"no_sidebar_content_centered","colormag_page_sidebar_layout":"no_sidebar","ngg_post_thumbnail":0,"footnotes":""},"class_list":["post-321","page","type-page","status-publish","hentry"],"_links":{"self":[{"href":"https:\/\/hospitalmolina.cl\/index.php?rest_route=\/wp\/v2\/pages\/321","targetHints":{"allow":["GET"]}}],"collection":[{"href":"https:\/\/hospitalmolina.cl\/index.php?rest_route=\/wp\/v2\/pages"}],"about":[{"href":"https:\/\/hospitalmolina.cl\/index.php?rest_route=\/wp\/v2\/types\/page"}],"author":[{"embeddable":true,"href":"https:\/\/hospitalmolina.cl\/index.php?rest_route=\/wp\/v2\/users\/1"}],"replies":[{"embeddable":true,"href":"https:\/\/hospitalmolina.cl\/index.php?rest_route=%2Fwp%2Fv2%2Fcomments&post=321"}],"version-history":[{"count":18,"href":"https:\/\/hospitalmolina.cl\/index.php?rest_route=\/wp\/v2\/pages\/321\/revisions"}],"predecessor-version":[{"id":1571,"href":"https:\/\/hospitalmolina.cl\/index.php?rest_route=\/wp\/v2\/pages\/321\/revisions\/1571"}],"wp:attachment":[{"href":"https:\/\/hospitalmolina.cl\/index.php?rest_route=%2Fwp%2Fv2%2Fmedia&parent=321"}],"curies":[{"name":"wp","href":"https:\/\/api.w.org\/{rel}","templated":true}]}}