{"id":727,"date":"2018-06-28T13:54:12","date_gmt":"2018-06-28T13:54:12","guid":{"rendered":"http:\/\/www.hospitalmolina.cl\/?page_id=727"},"modified":"2018-07-26T14:59:54","modified_gmt":"2018-07-26T14:59:54","slug":"unidad-de-rayos-x","status":"publish","type":"page","link":"https:\/\/hospitalmolina.cl\/?page_id=727","title":{"rendered":"Unidad de Imagenolog\u00eda"},"content":{"rendered":"<table style=\"height: 56px;\" border=\"1\" width=\"1056\" cellspacing=\"1\" cellpadding=\"1\" bgcolor=\"#289dcc\">\n<tbody>\n<tr>\n<td style=\"text-align: left;\">Nombre del Servicio<\/td>\n<td>Unidad de Imagenolog\u00eda<\/td>\n<\/tr>\n<tr>\n<td>Jefe Servicio<\/td>\n<td>Tecn\u00f3logo Marcelo Arrau Lobos<\/td>\n<\/tr>\n<tr>\n<td>Auxiliar de Servicio<\/td>\n<td>Manuel Mu\u00f1oz Mu\u00f1oz<\/td>\n<\/tr>\n<tr>\n<td>Tel\u00e9fonos de Contacto<\/td>\n<td>Red Fija: 75 2 565221<br \/>\nRed MINSAL: 755221<\/td>\n<\/tr>\n<tr>\n<td>Horario de Atenci\u00f3n<\/td>\n<td>Lunes a Viernes desde las 08:00 a &nbsp;16:30 hrs.<br \/>\nS\u00e1bado y domingos de 08:00 \u2013 16:00 hrs.<br \/>\npara radiograf\u00edas de urgencias.<\/td>\n<\/tr>\n<\/tbody>\n<\/table>\n<h5 style=\"text-align: center;\"><b>Descripci\u00f3n General del funcionamiento del Servicio<\/b><\/h5>\n<p style=\"text-align: justify;\">La unidad de Imagenolog\u00eda del Hospital Santa Rosa de Molina ofrece apoyo diagn\u00f3stico imagenol\u00f3gico a los usuarios provenientes de nuestro Hospital, Lontu\u00e9, Villa Prat, Sagrada Familia, Departamento de Salud y sus postas asociadas. Adem\u00e1s de prestar servicios a las unidades de urgencia de los lugares antes mencionados.<\/p>\n<p style=\"text-align: justify;\">Nuestro equipo est\u00e1 capacitado y comprometido para otorgar un servicio de calidad t\u00e9cnica y trato personalizado, donde trabajan 2 funcionarios; un tecn\u00f3logo m\u00e9dico y un auxiliar de servicio.<\/p>\n<p style=\"text-align: justify;\">Se realizan radiograf\u00edas simples osteopulmonares, permitiendo el estudio de huesos, pulmones, \u00f3rganos abdominales y cavidades paranasales.<\/p>\n<p style=\"text-align: justify;\">Para agendar toma de radiograf\u00eda se debe realizar en el S.O.M.E. de nuestro Hospital, junto a la solicitud de radiograf\u00eda firmada por el m\u00e9dico solicitante, donde se le otorgar\u00e1 una fecha y hora espec\u00edfica.<\/p>\n","protected":false},"excerpt":{"rendered":"<p>Nombre del Servicio Unidad de Imagenolog\u00eda Jefe Servicio Tecn\u00f3logo Marcelo Arrau Lobos Auxiliar de Servicio Manuel Mu\u00f1oz Mu\u00f1oz Tel\u00e9fonos de<\/p>\n","protected":false},"author":1,"featured_media":0,"parent":0,"menu_order":0,"comment_status":"closed","ping_status":"closed","template":"","meta":{"colormag_page_container_layout":"no_sidebar_content_centered","colormag_page_sidebar_layout":"no_sidebar","ngg_post_thumbnail":0,"footnotes":""},"class_list":["post-727","page","type-page","status-publish","hentry"],"_links":{"self":[{"href":"https:\/\/hospitalmolina.cl\/index.php?rest_route=\/wp\/v2\/pages\/727","targetHints":{"allow":["GET"]}}],"collection":[{"href":"https:\/\/hospitalmolina.cl\/index.php?rest_route=\/wp\/v2\/pages"}],"about":[{"href":"https:\/\/hospitalmolina.cl\/index.php?rest_route=\/wp\/v2\/types\/page"}],"author":[{"embeddable":true,"href":"https:\/\/hospitalmolina.cl\/index.php?rest_route=\/wp\/v2\/users\/1"}],"replies":[{"embeddable":true,"href":"https:\/\/hospitalmolina.cl\/index.php?rest_route=%2Fwp%2Fv2%2Fcomments&post=727"}],"version-history":[{"count":6,"href":"https:\/\/hospitalmolina.cl\/index.php?rest_route=\/wp\/v2\/pages\/727\/revisions"}],"predecessor-version":[{"id":855,"href":"https:\/\/hospitalmolina.cl\/index.php?rest_route=\/wp\/v2\/pages\/727\/revisions\/855"}],"wp:attachment":[{"href":"https:\/\/hospitalmolina.cl\/index.php?rest_route=%2Fwp%2Fv2%2Fmedia&parent=727"}],"curies":[{"name":"wp","href":"https:\/\/api.w.org\/{rel}","templated":true}]}}