{"id":729,"date":"2018-06-28T13:54:41","date_gmt":"2018-06-28T13:54:41","guid":{"rendered":"http:\/\/www.hospitalmolina.cl\/?page_id=729"},"modified":"2018-08-07T13:53:25","modified_gmt":"2018-08-07T13:53:25","slug":"farmacia","status":"publish","type":"page","link":"https:\/\/hospitalmolina.cl\/?page_id=729","title":{"rendered":"Farmacia"},"content":{"rendered":"<p style=\"text-align: justify;\">&nbsp;<\/p>\n<table style=\"height: 56px;\" border=\"1\" width=\"1056\" cellspacing=\"1\" cellpadding=\"1\" bgcolor=\"#289dcc\">\n<tbody>\n<tr>\n<td style=\"text-align: left;\">Nombre del Servicio<\/td>\n<td>Farmacia<\/td>\n<\/tr>\n<tr>\n<td>Jefe Servicio<\/td>\n<td>Q.F: Betty Arboleda Vera<\/td>\n<\/tr>\n<tr>\n<td>Telefonos de Contacto<\/td>\n<td>Red Fija: 75 2 565239<br \/>\nRed MINSAL: 755239<\/td>\n<\/tr>\n<tr>\n<td>Horario Atenci\u00f3n&nbsp;<\/td>\n<td>Lunes a Jueves de 08:00 hrs. a 17:00 hrs.<br \/>\nViernes de 08:00 hrs. a 16:00 hrs.&nbsp;<\/td>\n<\/tr>\n<\/tbody>\n<\/table>\n<h5 style=\"text-align: center;\"><b>Descripci\u00f3n General del funcionamiento del Servicio<\/b><\/h5>\n<p style=\"text-align: justify;\">Es una unidad de apoyo cl\u00ednico y terap\u00e9utico, tiene como objetivo preparar y dispensar medicamentos, busca satisfacer las necesidades farmacol\u00f3gicas de los usuarios en el marco del uso racional de medicamentos.<\/p>\n<p style=\"text-align: justify;\">Cuenta con 3 puntos de dispensaci\u00f3n ambulatoria especializadas de acuerdo a la complejidad de la atenci\u00f3n<\/p>\n<p style=\"text-align: justify;\">El equipo de farmacia est\u00e1 integrado por 1 Qu\u00edmico&nbsp; Farmac\u00e9utico, 4 T\u00e9cnicos de Enfermer\u00eda y 1 Administrativo.<\/p>\n<p style=\"text-align: justify;\">Su p\u00fablico de atenci\u00f3n son pacientes ambulatorio (atenci\u00f3n abierta), y pacientes hospitalizados (atenci\u00f3n cerrada).<\/p>\n<p style=\"text-align: justify;\">La demanda diaria de atenci\u00f3n ambulatoria fluct\u00faa con un promedio de&nbsp; 200 &nbsp;paciente cr\u00f3nico&nbsp; y un promedio de 100 atenci\u00f3n ambulatoria.<\/p>\n","protected":false},"excerpt":{"rendered":"<p>&nbsp; Nombre del Servicio Farmacia Jefe Servicio Q.F: Betty Arboleda Vera Telefonos de Contacto Red Fija: 75 2 565239 Red<\/p>\n","protected":false},"author":1,"featured_media":0,"parent":0,"menu_order":0,"comment_status":"closed","ping_status":"closed","template":"","meta":{"colormag_page_container_layout":"no_sidebar_content_centered","colormag_page_sidebar_layout":"no_sidebar","ngg_post_thumbnail":0,"footnotes":""},"class_list":["post-729","page","type-page","status-publish","hentry"],"_links":{"self":[{"href":"https:\/\/hospitalmolina.cl\/index.php?rest_route=\/wp\/v2\/pages\/729","targetHints":{"allow":["GET"]}}],"collection":[{"href":"https:\/\/hospitalmolina.cl\/index.php?rest_route=\/wp\/v2\/pages"}],"about":[{"href":"https:\/\/hospitalmolina.cl\/index.php?rest_route=\/wp\/v2\/types\/page"}],"author":[{"embeddable":true,"href":"https:\/\/hospitalmolina.cl\/index.php?rest_route=\/wp\/v2\/users\/1"}],"replies":[{"embeddable":true,"href":"https:\/\/hospitalmolina.cl\/index.php?rest_route=%2Fwp%2Fv2%2Fcomments&post=729"}],"version-history":[{"count":4,"href":"https:\/\/hospitalmolina.cl\/index.php?rest_route=\/wp\/v2\/pages\/729\/revisions"}],"predecessor-version":[{"id":910,"href":"https:\/\/hospitalmolina.cl\/index.php?rest_route=\/wp\/v2\/pages\/729\/revisions\/910"}],"wp:attachment":[{"href":"https:\/\/hospitalmolina.cl\/index.php?rest_route=%2Fwp%2Fv2%2Fmedia&parent=729"}],"curies":[{"name":"wp","href":"https:\/\/api.w.org\/{rel}","templated":true}]}}